{"id":759,"date":"2021-10-07T05:38:11","date_gmt":"2021-10-07T05:38:11","guid":{"rendered":"https:\/\/www.reisen-mit-mayer.de\/?page_id=759"},"modified":"2021-10-18T10:07:35","modified_gmt":"2021-10-18T10:07:35","slug":"vermietung-2","status":"publish","type":"page","link":"https:\/\/www.reisen-mit-mayer.de\/?page_id=759","title":{"rendered":"Video\u00fcberwachung"},"content":{"rendered":"<h1><a href=\"http:\/\/www.reisen-mit-mayer.de\/wp-content\/uploads\/2021\/10\/video-1.png\"><img loading=\"lazy\" class=\"alignnone size-full wp-image-837\" src=\"http:\/\/www.reisen-mit-mayer.de\/wp-content\/uploads\/2021\/10\/video-1.png\" alt=\"\" width=\"209\" height=\"207\" srcset=\"https:\/\/www.reisen-mit-mayer.de\/wp-content\/uploads\/2021\/10\/video-1.png 209w, https:\/\/www.reisen-mit-mayer.de\/wp-content\/uploads\/2021\/10\/video-1-150x150.png 150w\" sizes=\"(max-width: 209px) 100vw, 209px\" \/><\/a>Video\u00fcberwachung in Linienfahrzeugen<\/h1>\n<p>&nbsp;<\/p>\n<h3>Zwecke und Rechtsgrundlage der Datenverarbeitung:<\/h3>\n<p>Videoaufzeichnung zur Wahrnehmung berechtigter Interessen und des Hausrechts gem\u00e4\u00df \u00a7 4 Abs. 1 Nr. 2 und 3, Abs. 3 Bundesdatenschutzgesetz, Art. 6 Abs. 1 Buchst. f) Datenschutzgrundverordnung.<\/p>\n<h3>Berechtigte Interessen, die verfolgt werden:<\/h3>\n<p>Verhinderung und Verfolgung von Vandalismus sowie anderer Straftaten; Gew\u00e4hrleistung des Sicherheitsbed\u00fcrfnisses der Fahrg\u00e4ste; Schutz von Leben, Gesundheit und Freiheit der Fahrg\u00e4ste; Beweissicherung zur Geltendmachung rechtlicher Anspr\u00fcche.<\/p>\n<h3>Speicherdauer oder Kriterien f\u00fcr die Festlegung der Dauer:<\/h3>\n<p>Videoaufzeichnungen werden laufend nach 72 Stunden \u00fcberschrieben. Eine l\u00e4ngere Speicherung erfolgt nur, soweit und solange die Nutzung der Videoaufzeichnung zur Auswertung eines konkreten Vorfalls und\/oder als Beweismittel zur Geltendmachung rechtlicher Anspr\u00fcche erforderlich ist.<\/p>\n<h3>Empf\u00e4nger der Daten:<\/h3>\n<p>Strafverfolgungsbeh\u00f6rden und Gerichte (nur bei der Geltendmachung von rechtlichen Anspr\u00fcchen und bei einer Strafverfolgung). Dar\u00fcber hinaus erfolgt keine Weitergabe an Dritte.<\/p>\n<h3><\/h3>\n<h3>Kontaktdaten des Verantwortlichen:<\/h3>\n<p>Mayer GmbH<br \/>\nBrunnacker 3<br \/>\n69151 Neckargem\u00fcnd<br \/>\nTel.: 06223 -13 64 Fax: 06223 &#8211; 7 33 28<br \/>\nbustouristik@reisen-mit-mayer.de<\/p>\n","protected":false},"excerpt":{"rendered":"<p>Video\u00fcberwachung in Linienfahrzeugen &nbsp; Zwecke und Rechtsgrundlage der Datenverarbeitung: Videoaufzeichnung zur Wahrnehmung berechtigter Interessen und des Hausrechts gem\u00e4\u00df \u00a7 4 Abs. 1 Nr. 2 und 3, Abs. 3 Bundesdatenschutzgesetz, Art. 6 Abs. 1 Buchst. f) Datenschutzgrundverordnung. Berechtigte Interessen, die verfolgt werden: Verhinderung und Verfolgung von Vandalismus sowie anderer Straftaten; Gew\u00e4hrleistung des Sicherheitsbed\u00fcrfnisses der Fahrg\u00e4ste; Schutz&#8230;<\/p>\n","protected":false},"author":1,"featured_media":0,"parent":0,"menu_order":0,"comment_status":"closed","ping_status":"closed","template":"page_busbetrieb.php","meta":[],"_links":{"self":[{"href":"https:\/\/www.reisen-mit-mayer.de\/index.php?rest_route=\/wp\/v2\/pages\/759"}],"collection":[{"href":"https:\/\/www.reisen-mit-mayer.de\/index.php?rest_route=\/wp\/v2\/pages"}],"about":[{"href":"https:\/\/www.reisen-mit-mayer.de\/index.php?rest_route=\/wp\/v2\/types\/page"}],"author":[{"embeddable":true,"href":"https:\/\/www.reisen-mit-mayer.de\/index.php?rest_route=\/wp\/v2\/users\/1"}],"replies":[{"embeddable":true,"href":"https:\/\/www.reisen-mit-mayer.de\/index.php?rest_route=%2Fwp%2Fv2%2Fcomments&post=759"}],"version-history":[{"count":7,"href":"https:\/\/www.reisen-mit-mayer.de\/index.php?rest_route=\/wp\/v2\/pages\/759\/revisions"}],"predecessor-version":[{"id":838,"href":"https:\/\/www.reisen-mit-mayer.de\/index.php?rest_route=\/wp\/v2\/pages\/759\/revisions\/838"}],"wp:attachment":[{"href":"https:\/\/www.reisen-mit-mayer.de\/index.php?rest_route=%2Fwp%2Fv2%2Fmedia&parent=759"}],"curies":[{"name":"wp","href":"https:\/\/api.w.org\/{rel}","templated":true}]}}