{"id":719,"date":"2021-10-06T10:25:49","date_gmt":"2021-10-06T10:25:49","guid":{"rendered":"https:\/\/www.reisen-mit-mayer.de\/?page_id=719"},"modified":"2021-11-22T08:12:57","modified_gmt":"2021-11-22T08:12:57","slug":"reiseflotte","status":"publish","type":"page","link":"https:\/\/www.reisen-mit-mayer.de\/?page_id=719","title":{"rendered":"Reiseflotte"},"content":{"rendered":"<p>&nbsp;<\/p>\n<p><a href=\"http:\/\/www.reisen-mit-mayer.de\/wp-content\/uploads\/2021\/10\/IMG_1560-Pano-Bearbeitet.jpg\"><img class=\"alignnone wp-image-653 size-full\" style=\"padding-left: 10px; padding-right: 10px;\" src=\"http:\/\/www.reisen-mit-mayer.de\/wp-content\/uploads\/2021\/10\/IMG_1560-Pano-Bearbeitet.jpg\" alt=\"\" width=\"1800\" \/><\/a><\/p>\n<h3 style=\"margin-left: 10px;\">Unsere Reiseflotte -ob mit oder ohne Stern- alle aus dem Hause Daimler.<\/h3>\n<p style=\"margin-left: 10px;\">Wir bieten Ihnen moderne Reisebusse mit viel Komfort ab 30 bis 55 Sitzpl\u00e4tzen. Suchen Sie sich einfach den passendsten aus!<\/p>\n<p style=\"margin-left: 10px;\">Au\u00dferdem einen Mercedes-Sprinter mit 22 Sitzpl\u00e4tzen und zweckm\u00e4\u00dfig einfacher Ausstattung.<\/p>\n<div style=\"margin-left: auto; margin-right: auto;\">\n<div class=\"busliste\"><a href=\"http:\/\/www.reisen-mit-mayer.de\/?page_id=711\"><img class=\"alignnone wp-image-653 size-full\" src=\"http:\/\/www.reisen-mit-mayer.de\/wp-content\/uploads\/2021\/10\/IMG_1445-HDR.jpg\" alt=\"\" \/><\/a><br \/>\n<strong>Mercedes-Benz Tourismo RH Kurz<\/strong><\/div>\n<div class=\"busliste\"><a href=\"http:\/\/www.reisen-mit-mayer.de\/?page_id=708\"><img class=\"alignnone wp-image-653 size-full\" src=\"http:\/\/www.reisen-mit-mayer.de\/wp-content\/uploads\/2021\/10\/IMG_1425-HDR-Bearbeitet.jpg\" alt=\"\" \/><\/a><br \/>\n<strong>Mercedes-Benz Tourismo RH Kurz<\/strong><\/div>\n<div class=\"busliste\"><a href=\"http:\/\/www.reisen-mit-mayer.de\/?page_id=398\"><img class=\"alignnone wp-image-653 size-full\" src=\"http:\/\/www.reisen-mit-mayer.de\/wp-content\/uploads\/2021\/07\/setra-aussen1.jpg\" alt=\"\" \/><\/a><br \/>\n<strong>Setra Omnibus Typ S 411 HD<\/strong><\/div>\n<div class=\"busliste\"><a href=\"http:\/\/www.reisen-mit-mayer.de\/?page_id=695\"><img class=\"alignnone wp-image-653 size-full\" src=\"http:\/\/www.reisen-mit-mayer.de\/wp-content\/uploads\/2021\/10\/IMG_1296-HDR.jpg\" alt=\"\" \/><\/a><br \/>\n<strong>Mercedes-Benz Tourismo 16 RHD-M<\/strong><\/div>\n<div class=\"busliste\"><a href=\"http:\/\/www.reisen-mit-mayer.de\/?page_id=688\"><img class=\"alignnone wp-image-653 size-full\" src=\"http:\/\/www.reisen-mit-mayer.de\/wp-content\/uploads\/2021\/10\/IMG_1263-HDR.jpg\" alt=\"\" \/><\/a><br \/>\n<strong>Mercedes-Benz Tourismo 16 RHD\/3<\/strong><\/div>\n<div class=\"busliste\"><a href=\"http:\/\/www.reisen-mit-mayer.de\/?page_id=703\"><img class=\"alignnone wp-image-653 size-full\" src=\"http:\/\/www.reisen-mit-mayer.de\/wp-content\/uploads\/2021\/10\/IMG_1391-HDR.jpg\" alt=\"\" \/><\/a><br \/>\n<strong>Mercedes-Benz Tourismo 15 RHD<\/strong><\/div>\n<div class=\"busliste\"><a href=\"http:\/\/www.reisen-mit-mayer.de\/?page_id=699\"><img class=\"alignnone wp-image-653 size-full\" src=\"http:\/\/www.reisen-mit-mayer.de\/wp-content\/uploads\/2021\/10\/IMG_1344-HDR.jpg\" alt=\"\" \/><\/a><br \/>\n<strong>Mercedes-Benz Tourismo 15 RHD<\/strong><\/div>\n<\/div>\n","protected":false},"excerpt":{"rendered":"<p>&nbsp; Unsere Reiseflotte -ob mit oder ohne Stern- alle aus dem Hause Daimler. Wir bieten Ihnen moderne Reisebusse mit viel Komfort ab 30 bis 55 Sitzpl\u00e4tzen. Suchen Sie sich einfach den passendsten aus! Au\u00dferdem einen Mercedes-Sprinter mit 22 Sitzpl\u00e4tzen und zweckm\u00e4\u00dfig einfacher Ausstattung. Mercedes-Benz Tourismo RH Kurz Mercedes-Benz Tourismo RH Kurz Setra Omnibus Typ S&#8230;<\/p>\n","protected":false},"author":1,"featured_media":0,"parent":0,"menu_order":0,"comment_status":"closed","ping_status":"closed","template":"page_busbetrieb.php","meta":[],"_links":{"self":[{"href":"https:\/\/www.reisen-mit-mayer.de\/index.php?rest_route=\/wp\/v2\/pages\/719"}],"collection":[{"href":"https:\/\/www.reisen-mit-mayer.de\/index.php?rest_route=\/wp\/v2\/pages"}],"about":[{"href":"https:\/\/www.reisen-mit-mayer.de\/index.php?rest_route=\/wp\/v2\/types\/page"}],"author":[{"embeddable":true,"href":"https:\/\/www.reisen-mit-mayer.de\/index.php?rest_route=\/wp\/v2\/users\/1"}],"replies":[{"embeddable":true,"href":"https:\/\/www.reisen-mit-mayer.de\/index.php?rest_route=%2Fwp%2Fv2%2Fcomments&post=719"}],"version-history":[{"count":35,"href":"https:\/\/www.reisen-mit-mayer.de\/index.php?rest_route=\/wp\/v2\/pages\/719\/revisions"}],"predecessor-version":[{"id":926,"href":"https:\/\/www.reisen-mit-mayer.de\/index.php?rest_route=\/wp\/v2\/pages\/719\/revisions\/926"}],"wp:attachment":[{"href":"https:\/\/www.reisen-mit-mayer.de\/index.php?rest_route=%2Fwp%2Fv2%2Fmedia&parent=719"}],"curies":[{"name":"wp","href":"https:\/\/api.w.org\/{rel}","templated":true}]}}