{"id":576,"date":"2021-09-17T08:18:24","date_gmt":"2021-09-17T08:18:24","guid":{"rendered":"https:\/\/www.reisen-mit-mayer.de\/?page_id=576"},"modified":"2026-02-27T07:36:09","modified_gmt":"2026-02-27T07:36:09","slug":"safer-travel","status":"publish","type":"page","link":"https:\/\/www.reisen-mit-mayer.de\/?page_id=576","title":{"rendered":"\u201eSafer Travel\u201c"},"content":{"rendered":"<h1>\u201eSafer Travel\u201c<\/h1>\n<p>Die Linien werden mit Mercedes-Benz-Citaro-Niederflurbussen gefahren und nach strengen Richtlinien der Daimler-Evobus GmbH gewartet.<br \/>\nAusgestattet sind alle Fahrzeuge der <a href=\"http:\/\/www.reisen-mit-mayer.de\">Mayer GmbH<\/a> mit einem Hochleistungs-Partikelfilter mit antiviraler Funktionsschicht. Somit besteht ein Schutz vor erh\u00f6hter Aerosolkonzentration im Fahrzeug. Durch effiziente Feinfilterung der Frisch- und Umluft werden Schadstoffe incl. viraler Aerosole minimiert.<\/p>\n<p><a href=\"http:\/\/www.reisen-mit-mayer.de\/wp-content\/uploads\/2021\/09\/filter.png\"><img loading=\"lazy\" class=\"size-full wp-image-441 aligncenter\" src=\"http:\/\/www.reisen-mit-mayer.de\/wp-content\/uploads\/2021\/09\/filter.png\" alt=\"\" width=\"1092\" height=\"458\" srcset=\"https:\/\/www.reisen-mit-mayer.de\/wp-content\/uploads\/2021\/09\/filter.png 1092w, https:\/\/www.reisen-mit-mayer.de\/wp-content\/uploads\/2021\/09\/filter-300x126.png 300w, https:\/\/www.reisen-mit-mayer.de\/wp-content\/uploads\/2021\/09\/filter-1024x429.png 1024w, https:\/\/www.reisen-mit-mayer.de\/wp-content\/uploads\/2021\/09\/filter-768x322.png 768w\" sizes=\"(max-width: 1092px) 100vw, 1092px\" \/><\/a><\/p>\n<p>\u2022 <strong>Luftstr\u00f6mung<\/strong>: Schutz vor erh\u00f6hter Aerosolkonzentration in den Fahrzeugen durch eine vollst\u00e4ndige Durchsp\u00fclung.<\/p>\n<p>\u2022 <strong>Luftwechselrate<\/strong>: Ein schneller und permanenter Luftaustausch ist in den Fahrzeugen sichergestellt.<\/p>\n<p>\u2022 <strong>Filterqualit\u00e4t<\/strong>: Hochleistungspartikelfilter zur Filterung feinster Aerosole aus der Innenraumluft und Inaktivierung viraler Bestandteile.<\/p>\n<p>Ein schneller Luftaustausch senkt nach aktuellen Erkenntnissen das Risiko einer Verbreitung von Viren. Die leistungsstarken L\u00fcftungs- und Klimasysteme unserer Omnibusse erf\u00fcllen die hierf\u00fcr notwendigen Voraussetzungen. Zudem sorgt unser Personal mit fachgerechter Bedienung f\u00fcr einen permanent hohen Anteil an Frischluft im Innenraum -vor, w\u00e4hrend und nach einer Fahrt.<\/p>\n","protected":false},"excerpt":{"rendered":"<p>\u201eSafer Travel\u201c Die Linien werden mit Mercedes-Benz-Citaro-Niederflurbussen gefahren und nach strengen Richtlinien der Daimler-Evobus GmbH gewartet. Ausgestattet sind alle Fahrzeuge der Mayer GmbH mit einem Hochleistungs-Partikelfilter mit antiviraler Funktionsschicht. Somit besteht ein Schutz vor erh\u00f6hter Aerosolkonzentration im Fahrzeug. Durch effiziente Feinfilterung der Frisch- und Umluft werden Schadstoffe incl. viraler Aerosole minimiert. \u2022 Luftstr\u00f6mung: Schutz vor&#8230;<\/p>\n","protected":false},"author":1,"featured_media":0,"parent":0,"menu_order":0,"comment_status":"closed","ping_status":"closed","template":"page_busbetrieb.php","meta":[],"_links":{"self":[{"href":"https:\/\/www.reisen-mit-mayer.de\/index.php?rest_route=\/wp\/v2\/pages\/576"}],"collection":[{"href":"https:\/\/www.reisen-mit-mayer.de\/index.php?rest_route=\/wp\/v2\/pages"}],"about":[{"href":"https:\/\/www.reisen-mit-mayer.de\/index.php?rest_route=\/wp\/v2\/types\/page"}],"author":[{"embeddable":true,"href":"https:\/\/www.reisen-mit-mayer.de\/index.php?rest_route=\/wp\/v2\/users\/1"}],"replies":[{"embeddable":true,"href":"https:\/\/www.reisen-mit-mayer.de\/index.php?rest_route=%2Fwp%2Fv2%2Fcomments&post=576"}],"version-history":[{"count":6,"href":"https:\/\/www.reisen-mit-mayer.de\/index.php?rest_route=\/wp\/v2\/pages\/576\/revisions"}],"predecessor-version":[{"id":1186,"href":"https:\/\/www.reisen-mit-mayer.de\/index.php?rest_route=\/wp\/v2\/pages\/576\/revisions\/1186"}],"wp:attachment":[{"href":"https:\/\/www.reisen-mit-mayer.de\/index.php?rest_route=%2Fwp%2Fv2%2Fmedia&parent=576"}],"curies":[{"name":"wp","href":"https:\/\/api.w.org\/{rel}","templated":true}]}}