{"id":553,"date":"2021-10-12T06:23:43","date_gmt":"2021-10-12T06:23:43","guid":{"rendered":"https:\/\/www.reisen-mit-mayer.de\/?page_id=553"},"modified":"2023-04-12T16:56:58","modified_gmt":"2023-04-12T16:56:58","slug":"geschichte-3","status":"publish","type":"page","link":"https:\/\/www.reisen-mit-mayer.de\/?page_id=553","title":{"rendered":"Geschichte"},"content":{"rendered":"\r\n<div class=\"wp-block-columns\">\r\n<div class=\"wp-block-column\" style=\"flex-basis: 100%;\">\r\n<div class=\"wp-block-group\"><div class=\"wp-block-group__inner-container\">\r\n<div class=\"wp-block-columns\">\r\n<div class=\"wp-block-column\" style=\"flex-basis: 50%;\">\r\n<div class=\"wp-block-image is-style-default\">\r\n<figure class=\"aligncenter size-full is-resized\"><a href=\"http:\/\/www.reisen-mit-mayer.de\/wp-content\/uploads\/2021\/09\/2014KommuDomi3.jpg\"><img loading=\"lazy\" class=\"wp-image-450\" src=\"http:\/\/www.reisen-mit-mayer.de\/wp-content\/uploads\/2021\/09\/2014KommuDomi3.jpg\" alt=\"\" width=\"360\" height=\"268\" \/><\/a>\r\n<figcaption><strong> (Erika und Edgar Mayer 2014) <\/strong><\/figcaption>\r\n<\/figure>\r\n<\/div>\r\n\r\n\r\n\r\n<p>&nbsp;<\/p>\r\n<\/div>\r\n\r\n\r\n\r\n<div class=\"wp-block-column\" style=\"flex-basis: 66.66%;\">\r\n<p><br \/><br \/><strong>1974<\/strong> wurde das Unternehmen mit viel Mut zum unternehmerischen Risiko von <strong>Erika und Edgar Mayer<\/strong> im Neckargem\u00fcnder Stadtteil Dilsberg gegr\u00fcndet.<br \/><br \/><br \/>Der erste Bus wurde angeschafft, ein in die Jahre gekommener Linienbus, der mit einer auff\u00e4lligen Werbung der Sparkasse versehen wurde.<\/p>\r\n<\/div>\r\n<\/div>\r\n<\/div><\/div>\r\n<\/div>\r\n<\/div>\r\n\r\n\r\n\r\n\r\n\r\n\r\n\r\n<div class=\"wp-block-columns\">\r\n<div class=\"wp-block-column\" style=\"flex-basis: 66.66%;\">\r\n<p class=\"has-text-align-right\"><br \/><br \/>Damals war das B\u00fcro noch im Wohnzimmer untergebracht, der Bus wurde vor dem Haus geparkt.<br \/>Wochentags wurde mit dem Bus im Auftrag der Deutschen Post im Linienverkehr gefahren; am Wochenende wurden Ausfl\u00fcge im Anmietverkehr durchgef\u00fchrt.<\/p>\r\n<\/div>\r\n\r\n\r\n\r\n<div class=\"wp-block-column\" style=\"flex-basis: 50%;\">\r\n<figure class=\"wp-block-image size-full is-resized is-style-default\"><a href=\"http:\/\/www.reisen-mit-mayer.de\/wp-content\/uploads\/2021\/09\/bus01.jpg\"><img loading=\"lazy\" class=\"wp-image-452\" src=\"http:\/\/www.reisen-mit-mayer.de\/wp-content\/uploads\/2021\/09\/bus01.jpg\" alt=\"\" width=\"360\" height=\"268\" \/><\/a><\/figure>\r\n<\/div>\r\n<\/div>\r\n\r\n\r\n\r\n<div class=\"wp-block-columns\">\r\n<div class=\"wp-block-column\" style=\"flex-basis: 50%;\">\r\n<figure class=\"wp-block-image size-full is-resized\"><a href=\"http:\/\/www.reisen-mit-mayer.de\/wp-content\/uploads\/2021\/09\/1974-1.jpg\"><img loading=\"lazy\" class=\"wp-image-445\" src=\"http:\/\/www.reisen-mit-mayer.de\/wp-content\/uploads\/2021\/09\/1974-1.jpg\" alt=\"\" width=\"360\" height=\"268\" \/><\/a><\/figure>\r\n<\/div>\r\n\r\n\r\n\r\n<div class=\"wp-block-column\" style=\"flex-basis: 66.66%;\">\r\n<p class=\"has-normal-font-size\"><br \/>Das Gesch\u00e4ft lief gut an und ein weiterer Bus wurde gekauft.<br \/>Ganz stolz nannte Familie Mayer den ersten Reisebus Mercedes-Benz <strong>O303<\/strong> ihr Eigen!<br \/><br \/>Der erste Busfahrer wurde eingestellt. <br \/>Er blieb dem Unternehmen mehr als 40 Jahre lang treu und pr\u00e4gte den Reiseverkehr mit.<\/p>\r\n<\/div>\r\n<\/div>\r\n\r\n\r\n\r\n<p class=\"has-text-align-center\">Man begann das Gel\u00e4nde der elterlichen Landwirtschaft passend f\u00fcr einen Busbetrieb umzubauen.<br \/>Erste Stellpl\u00e4tze wurde geschaffen; gereinigt wurde damals noch in Handarbeit, repariert und gewartet wurde in der Werkstatt.<br \/>Die Fahrzeugflotte wuchs von Jahr zu Jahr, zuerst wurde im Auftrag der Deutschen Post, sp\u00e4ter der Deutschen Bahn und schlie\u00dflich bis heute im Auftrag der Busverkehr Rhein-Neckar GmbH gefahren.<\/p>\r\n\r\n\r\n\r\n<p class=\"has-text-align-center\">Parallel zum Linienverkehr entwickelte man stets den Reiseverkehr mit ausgeschriebenem Reiseprogramm, wie auch die Planung und Durchf\u00fchrung von Vereinsfahrten weiter.<\/p>\r\n\r\n\r\n\r\n<p class=\"has-text-align-center\">Im Jahre <strong>1981<\/strong> wurde das erste eigene Reiseprogramm erstellt und im Laufe der Zeit stetig ausgebaut. <br \/>Die Touren f\u00fchrten vom Nordkap im hohen Norden \u00fcber die mitteleurop\u00e4ischen Ziele \u00d6sterreich, Schweiz, Benelux bis in den S\u00fcden nach Spanien und Italien.<\/p>\r\n\r\n\r\n\r\n<div class=\"wp-block-columns\">\r\n<div class=\"wp-block-column\" style=\"flex-basis: 100%;\">\r\n<div class=\"wp-block-media-text alignwide has-media-on-the-right is-stacked-on-mobile\">\r\n<figure class=\"wp-block-media-text__media\"><img loading=\"lazy\" width=\"1024\" height=\"599\" class=\"wp-image-81 size-full\" src=\"http:\/\/www.reisen-mit-mayer.de\/wp-content\/uploads\/2017\/07\/IMG_6796_einzel-1024x599.jpg\" alt=\"\" srcset=\"https:\/\/www.reisen-mit-mayer.de\/wp-content\/uploads\/2017\/07\/IMG_6796_einzel-1024x599.jpg 1024w, https:\/\/www.reisen-mit-mayer.de\/wp-content\/uploads\/2017\/07\/IMG_6796_einzel-300x176.jpg 300w, https:\/\/www.reisen-mit-mayer.de\/wp-content\/uploads\/2017\/07\/IMG_6796_einzel-768x449.jpg 768w, https:\/\/www.reisen-mit-mayer.de\/wp-content\/uploads\/2017\/07\/IMG_6796_einzel.jpg 1800w\" sizes=\"(max-width: 1024px) 100vw, 1024px\" \/><\/figure>\r\n<div class=\"wp-block-media-text__content\">\r\n<div class=\"wp-block-columns\">\r\n<div class=\"wp-block-column\" style=\"flex-basis: 100%;\">\r\n<p class=\"has-text-align-right\">Seit <strong>1981<\/strong> wird in der Neckargem\u00fcnder Kernstadt ein\u00a0<strong>Reiseb\u00fcro<\/strong>\u00a0betrieben.<br \/><br \/>Zuerst in den R\u00e4umen der Volksbank Neckartal beheimatet, seit 1991 in den eigenen W\u00e4nden im Herzen der Altstadt.<\/p>\r\n<\/div>\r\n<\/div>\r\n<\/div>\r\n<\/div>\r\n\r\n\r\n\r\n<p>&nbsp;<\/p>\r\n\r\n\r\n\r\n<div class=\"wp-block-media-text alignwide is-stacked-on-mobile\">\r\n<figure class=\"wp-block-media-text__media\"><img loading=\"lazy\" width=\"1024\" height=\"683\" class=\"wp-image-492 size-full\" src=\"http:\/\/www.reisen-mit-mayer.de\/wp-content\/uploads\/2021\/09\/IMG_2295-HDR-1024x683.jpg\" alt=\"\" srcset=\"https:\/\/www.reisen-mit-mayer.de\/wp-content\/uploads\/2021\/09\/IMG_2295-HDR-1024x683.jpg 1024w, https:\/\/www.reisen-mit-mayer.de\/wp-content\/uploads\/2021\/09\/IMG_2295-HDR-300x200.jpg 300w, https:\/\/www.reisen-mit-mayer.de\/wp-content\/uploads\/2021\/09\/IMG_2295-HDR-768x512.jpg 768w, https:\/\/www.reisen-mit-mayer.de\/wp-content\/uploads\/2021\/09\/IMG_2295-HDR-1536x1024.jpg 1536w, https:\/\/www.reisen-mit-mayer.de\/wp-content\/uploads\/2021\/09\/IMG_2295-HDR-380x252.jpg 380w, https:\/\/www.reisen-mit-mayer.de\/wp-content\/uploads\/2021\/09\/IMG_2295-HDR.jpg 1600w\" sizes=\"(max-width: 1024px) 100vw, 1024px\" \/><\/figure>\r\n<div class=\"wp-block-media-text__content\">\r\n<p>Nach Abitur, einer kaufm\u00e4nnischen Ausbildung und einem Studium der Betriebswirtschaft f\u00fchrt Tochter <strong>Edith Mayer<\/strong>\u00a0seit <strong>1991<\/strong> das Reiseb\u00fcro.<br \/><br \/>Neben dem Angebot an Reisen s\u00e4mtlicher namhafter Reiseveranstalter k\u00fcmmert sie sich ebenso schwerpunktm\u00e4\u00dfig um die Touristik der eigenveranstalteten Busreisen.<\/p>\r\n<\/div>\r\n<\/div>\r\n<\/div>\r\n<\/div>\r\n\r\n\r\n\r\n<div class=\"wp-block-columns\">\r\n<div class=\"wp-block-column\">\r\n<div class=\"wp-block-media-text alignwide has-media-on-the-right is-stacked-on-mobile\">\r\n<figure class=\"wp-block-media-text__media\"><img loading=\"lazy\" width=\"1000\" height=\"664\" class=\"wp-image-446 size-full\" src=\"http:\/\/www.reisen-mit-mayer.de\/wp-content\/uploads\/2021\/09\/1990-3.jpg\" alt=\"\" srcset=\"https:\/\/www.reisen-mit-mayer.de\/wp-content\/uploads\/2021\/09\/1990-3.jpg 1000w, https:\/\/www.reisen-mit-mayer.de\/wp-content\/uploads\/2021\/09\/1990-3-300x199.jpg 300w, https:\/\/www.reisen-mit-mayer.de\/wp-content\/uploads\/2021\/09\/1990-3-768x510.jpg 768w, https:\/\/www.reisen-mit-mayer.de\/wp-content\/uploads\/2021\/09\/1990-3-380x252.jpg 380w\" sizes=\"(max-width: 1000px) 100vw, 1000px\" \/><\/figure>\r\n<div class=\"wp-block-media-text__content\">\r\n<p class=\"has-text-align-right\"><strong>1984<\/strong> war man schon mit vier Reisebussen europaweit unterwegs.<br \/>Die damals entworfene Au\u00dfenlackierung der Busse hat man bis heute beibehalten.<br \/>Inzwischen hat sie einen wichtigen Wiedererkennungswert.<\/p>\r\n<\/div>\r\n<\/div>\r\n<\/div>\r\n<\/div>\r\n\r\n\r\n\r\n<div class=\"wp-block-columns\">\r\n<div class=\"wp-block-column\">\r\n<div class=\"wp-block-columns\">\r\n<div class=\"wp-block-column\">\r\n<p class=\"has-text-align-center\">Die Kombination zwischen Linienverkehr und Reiseverkehr ist bis heute erhalten,<br \/>so dass der Betrieb stets auf zwei verschiedenen S\u00e4ulen steht.<\/p>\r\n\r\n\r\n\r\n<p class=\"has-text-align-center\">Mit dem Wachstum der Fahrzeugflotte wuchsen die Anspr\u00fcche an den Betriebshof.<br \/>Auch dieser wurde nach und nach immer weiter an- und ausgebaut.<br \/>Heute befinden sich hier neben den B\u00fcro- und Sozialr\u00e4umen, gro\u00dfr\u00e4umige Pflege- und Wartungshallen mit Bremsenpr\u00fcfstand, Lackierhalle, Waschanlage, Betriebstankstelle, Ersatzteillager uvm., um f\u00fcr die Verkehrssicherheit der Fahrzeuge zu sorgen.<\/p>\r\n<\/div>\r\n<\/div>\r\n<\/div>\r\n<\/div>\r\n\r\n\r\n\r\n<div class=\"wp-block-image\">\r\n<figure class=\"aligncenter size-full\"><a href=\"http:\/\/www.reisen-mit-mayer.de\/wp-content\/uploads\/2021\/09\/2004-21.jpg\"><img loading=\"lazy\" width=\"1000\" height=\"441\" class=\"wp-image-449\" src=\"http:\/\/www.reisen-mit-mayer.de\/wp-content\/uploads\/2021\/09\/2004-21.jpg\" alt=\"\" srcset=\"https:\/\/www.reisen-mit-mayer.de\/wp-content\/uploads\/2021\/09\/2004-21.jpg 1000w, https:\/\/www.reisen-mit-mayer.de\/wp-content\/uploads\/2021\/09\/2004-21-300x132.jpg 300w, https:\/\/www.reisen-mit-mayer.de\/wp-content\/uploads\/2021\/09\/2004-21-768x339.jpg 768w\" sizes=\"(max-width: 1000px) 100vw, 1000px\" \/><\/a><\/figure>\r\n<\/div>\r\n\r\n\r\n\r\n<div class=\"wp-block-columns\">\r\n<div class=\"wp-block-column\">\r\n<div class=\"wp-block-image\">\r\n<figure class=\"alignleft size-medium\"><a href=\"http:\/\/www.reisen-mit-mayer.de\/wp-content\/uploads\/2021\/09\/2004-1.jpg\"><img loading=\"lazy\" width=\"203\" height=\"300\" class=\"wp-image-447\" src=\"https:\/\/www.reisen-mit-mayer.de\/wp-content\/uploads\/2021\/09\/2004-1-203x300.jpg\" alt=\"\" srcset=\"https:\/\/www.reisen-mit-mayer.de\/wp-content\/uploads\/2021\/09\/2004-1-203x300.jpg 203w, https:\/\/www.reisen-mit-mayer.de\/wp-content\/uploads\/2021\/09\/2004-1.jpg 678w\" sizes=\"(max-width: 203px) 100vw, 203px\" \/><\/a><\/figure>\r\n<\/div>\r\n<\/div>\r\n\r\n\r\n\r\n<div class=\"wp-block-column\">\r\n<p class=\"has-text-align-center\"><br \/><br \/><br \/><br \/><strong>2004<\/strong> wurde der 65. Geburtstag des Firmengr\u00fcnders Edgar Mayer und das <strong>30-j\u00e4hrige Firmenjubil\u00e4um<\/strong><br \/>im gro\u00dfen Stil auf dem inzwischen sehr stattlichen Betriebshof in idyllischer Lage am Dilsberg gefeiert.<\/p>\r\n<\/div>\r\n\r\n\r\n\r\n<div class=\"wp-block-column\">\r\n<div class=\"wp-block-image\">\r\n<figure class=\"alignright size-medium\"><a href=\"http:\/\/www.reisen-mit-mayer.de\/wp-content\/uploads\/2021\/09\/2004-9.jpg\"><img loading=\"lazy\" width=\"225\" height=\"300\" class=\"wp-image-448\" src=\"https:\/\/www.reisen-mit-mayer.de\/wp-content\/uploads\/2021\/09\/2004-9-225x300.jpg\" alt=\"\" srcset=\"https:\/\/www.reisen-mit-mayer.de\/wp-content\/uploads\/2021\/09\/2004-9-225x300.jpg 225w, https:\/\/www.reisen-mit-mayer.de\/wp-content\/uploads\/2021\/09\/2004-9.jpg 750w\" sizes=\"(max-width: 225px) 100vw, 225px\" \/><\/a><\/figure>\r\n<\/div>\r\n<\/div>\r\n<\/div>\r\n\r\n\r\n\r\n<div class=\"wp-block-media-text alignwide has-media-on-the-right is-stacked-on-mobile is-vertically-aligned-top\" style=\"grid-template-columns: auto 30%;\">\r\n<figure class=\"wp-block-media-text__media\"><img loading=\"lazy\" width=\"354\" height=\"382\" class=\"wp-image-463 size-full\" src=\"http:\/\/www.reisen-mit-mayer.de\/wp-content\/uploads\/2021\/09\/mayer-m.png\" alt=\"\" srcset=\"https:\/\/www.reisen-mit-mayer.de\/wp-content\/uploads\/2021\/09\/mayer-m.png 354w, https:\/\/www.reisen-mit-mayer.de\/wp-content\/uploads\/2021\/09\/mayer-m-278x300.png 278w\" sizes=\"(max-width: 354px) 100vw, 354px\" \/><\/figure>\r\n<div class=\"wp-block-media-text__content\">\r\n<p class=\"has-text-align-right\">Sohn<strong> Michael Mayer<\/strong> brachte sich nach Abitur, kaufm\u00e4nnischer Ausbildung, Disposition bei Daimler in Mannheim und N\u00fcrnberg ab 1995 sehr stark in den elterlichen Busbetrieb ein.<br \/><br \/><strong>2015<\/strong> legte er, wie auch Schwester Edith, vor der IHK die Pr\u00fcfung zum <strong>Kraftverkehrsunternehmer<\/strong> ab.<br \/><br \/>Seit dem Tod des Firmengr\u00fcnders Edgar Mayer im Jahr <strong>2018<\/strong> leitet Sohn Michael den <strong>Busbetrieb<\/strong> als Gesch\u00e4ftsf\u00fchrer erfolgreich weiter.<br \/>Unter seiner Regie kam es zu einem wesentlichen Ausbau des Linienverkehrs.<br \/>Die Vernetzung von mittlerweile 19 Fahrzeugen mit 30 Mitarbeitern liefert t\u00e4glich neue Herausforderungen.<\/p>\r\n<\/div>\r\n<\/div>\r\n\r\n\r\n\r\n<p>&nbsp;<\/p>\r\n","protected":false},"excerpt":{"rendered":"<p>&nbsp; 1974 wurde das Unternehmen mit viel Mut zum unternehmerischen Risiko von Erika und Edgar Mayer im Neckargem\u00fcnder Stadtteil Dilsberg gegr\u00fcndet. Der erste Bus wurde angeschafft, ein in die Jahre gekommener Linienbus, der mit einer auff\u00e4lligen Werbung der Sparkasse versehen wurde. Damals war das B\u00fcro noch im Wohnzimmer untergebracht, der Bus wurde vor dem Haus&#8230;<\/p>\n","protected":false},"author":1,"featured_media":0,"parent":0,"menu_order":0,"comment_status":"closed","ping_status":"closed","template":"page_busbetrieb.php","meta":[],"_links":{"self":[{"href":"https:\/\/www.reisen-mit-mayer.de\/index.php?rest_route=\/wp\/v2\/pages\/553"}],"collection":[{"href":"https:\/\/www.reisen-mit-mayer.de\/index.php?rest_route=\/wp\/v2\/pages"}],"about":[{"href":"https:\/\/www.reisen-mit-mayer.de\/index.php?rest_route=\/wp\/v2\/types\/page"}],"author":[{"embeddable":true,"href":"https:\/\/www.reisen-mit-mayer.de\/index.php?rest_route=\/wp\/v2\/users\/1"}],"replies":[{"embeddable":true,"href":"https:\/\/www.reisen-mit-mayer.de\/index.php?rest_route=%2Fwp%2Fv2%2Fcomments&post=553"}],"version-history":[{"count":15,"href":"https:\/\/www.reisen-mit-mayer.de\/index.php?rest_route=\/wp\/v2\/pages\/553\/revisions"}],"predecessor-version":[{"id":1029,"href":"https:\/\/www.reisen-mit-mayer.de\/index.php?rest_route=\/wp\/v2\/pages\/553\/revisions\/1029"}],"wp:attachment":[{"href":"https:\/\/www.reisen-mit-mayer.de\/index.php?rest_route=%2Fwp%2Fv2%2Fmedia&parent=553"}],"curies":[{"name":"wp","href":"https:\/\/api.w.org\/{rel}","templated":true}]}}