{"id":543,"date":"2021-09-21T08:24:30","date_gmt":"2021-09-21T08:24:30","guid":{"rendered":"https:\/\/www.reisen-mit-mayer.de\/?page_id=543"},"modified":"2024-02-20T13:50:30","modified_gmt":"2024-02-20T13:50:30","slug":"fahrerteam","status":"publish","type":"page","link":"https:\/\/www.reisen-mit-mayer.de\/?page_id=543","title":{"rendered":"Ein Teil unseres Fahrerteams"},"content":{"rendered":"\r\n<p class=\"has-medium-font-size\">Jeder Einzelne ist ein Zahnrad im Uhrwerk der gesamten Firma.<\/p>\r\n\r\n\r\n\r\n<p>&nbsp;<\/p>\r\n\r\n\r\n\r\n<div class=\"wp-block-media-text alignwide is-stacked-on-mobile\" style=\"grid-template-columns: 15% auto\">\r\n<figure class=\"wp-block-media-text__media\"><img loading=\"lazy\" width=\"586\" height=\"1024\" class=\"wp-image-594 size-full\" src=\"http:\/\/www.reisen-mit-mayer.de\/wp-content\/uploads\/2021\/09\/MichaelKarl-586x1024.jpg\" alt=\"\" srcset=\"https:\/\/www.reisen-mit-mayer.de\/wp-content\/uploads\/2021\/09\/MichaelKarl-586x1024.jpg 586w, https:\/\/www.reisen-mit-mayer.de\/wp-content\/uploads\/2021\/09\/MichaelKarl-172x300.jpg 172w, https:\/\/www.reisen-mit-mayer.de\/wp-content\/uploads\/2021\/09\/MichaelKarl-768x1342.jpg 768w, https:\/\/www.reisen-mit-mayer.de\/wp-content\/uploads\/2021\/09\/MichaelKarl-879x1536.jpg 879w, https:\/\/www.reisen-mit-mayer.de\/wp-content\/uploads\/2021\/09\/MichaelKarl-1172x2048.jpg 1172w, https:\/\/www.reisen-mit-mayer.de\/wp-content\/uploads\/2021\/09\/MichaelKarl-scaled.jpg 1465w\" sizes=\"(max-width: 586px) 100vw, 586px\" \/><\/figure>\r\n<div class=\"wp-block-media-text__content\">\r\n<p class=\"has-text-align-left has-normal-font-size\"><strong>Michael Karl<\/strong><br \/>Im Team seit 1988.<\/p>\r\n\r\n\r\n\r\n<p class=\"has-text-align-left has-normal-font-size\">Fahrer im \u00f6ffentlichen Nahverkehr, Werkstattspezialist und einfach unser &#8222;Mann f\u00fcr Alles&#8220;.<\/p>\r\n<\/div>\r\n<\/div>\r\n\r\n\r\n\r\n<p>&nbsp;<\/p>\r\n\r\n\r\n\r\n<div class=\"wp-block-media-text alignwide is-stacked-on-mobile\" style=\"grid-template-columns: 15% auto\">\r\n<figure class=\"wp-block-media-text__media\"><a href=\"http:\/\/www.reisen-mit-mayer.de\/wp-content\/uploads\/2022\/07\/Reinhard_Hut2.jpg\"><img loading=\"lazy\" class=\"alignnone wp-image-993 \" src=\"http:\/\/www.reisen-mit-mayer.de\/wp-content\/uploads\/2022\/07\/Reinhard_Hut2-253x300.jpg\" alt=\"\" width=\"619\" height=\"734\" srcset=\"https:\/\/www.reisen-mit-mayer.de\/wp-content\/uploads\/2022\/07\/Reinhard_Hut2-253x300.jpg 253w, https:\/\/www.reisen-mit-mayer.de\/wp-content\/uploads\/2022\/07\/Reinhard_Hut2-864x1024.jpg 864w, https:\/\/www.reisen-mit-mayer.de\/wp-content\/uploads\/2022\/07\/Reinhard_Hut2-768x910.jpg 768w, https:\/\/www.reisen-mit-mayer.de\/wp-content\/uploads\/2022\/07\/Reinhard_Hut2.jpg 932w\" sizes=\"(max-width: 619px) 100vw, 619px\" \/><\/a><\/figure>\r\n<div class=\"wp-block-media-text__content\">\r\n<p class=\"has-text-align-left has-normal-font-size\"><strong>Gerhard Reinhard<\/strong><br \/>Im Team seit 1988.<\/p>\r\n\r\n\r\n\r\n<p class=\"has-text-align-left has-normal-font-size\">Fahrer im Ausflugsverkehr und im \u00f6ffentlichen Nahverkehr.<\/p>\r\n<\/div>\r\n<\/div>\r\n\r\n\r\n\r\n<p>&nbsp;<\/p>\r\n\r\n\r\n\r\n\r\n<div class=\"wp-block-media-text alignwide is-stacked-on-mobile\" style=\"grid-template-columns: 15% auto\">\r\n<figure class=\"wp-block-media-text__media\"><img loading=\"lazy\" width=\"645\" height=\"1000\" class=\"wp-image-549 size-full\" src=\"http:\/\/www.reisen-mit-mayer.de\/wp-content\/uploads\/2021\/09\/AndreasHinz-1.jpg\" alt=\"\" srcset=\"https:\/\/www.reisen-mit-mayer.de\/wp-content\/uploads\/2021\/09\/AndreasHinz-1.jpg 645w, https:\/\/www.reisen-mit-mayer.de\/wp-content\/uploads\/2021\/09\/AndreasHinz-1-194x300.jpg 194w\" sizes=\"(max-width: 645px) 100vw, 645px\" \/><\/figure>\r\n<div class=\"wp-block-media-text__content\">\r\n<p class=\"has-text-align-left has-normal-font-size\"><strong>Andreas Hinz<\/strong><br \/>Im Team seit 2008.<\/p>\r\n\r\n\r\n\r\n<p class=\"has-text-align-left has-normal-font-size\">Fahrer im Ausflugsverkehr und im \u00f6ffentlichen Nahverkehr.<\/p>\r\n<\/div>\r\n<\/div>\r\n\r\n\r\n\r\n<p>&nbsp;<\/p>\r\n\r\n\r\n\r\n<div class=\"wp-block-media-text alignwide is-stacked-on-mobile\" style=\"grid-template-columns: 15% auto\">\r\n<figure class=\"wp-block-media-text__media\"><img loading=\"lazy\" width=\"622\" height=\"1024\" class=\"wp-image-601 size-full\" src=\"http:\/\/www.reisen-mit-mayer.de\/wp-content\/uploads\/2021\/09\/UlrikeGallion-622x1024.jpg\" alt=\"\" srcset=\"https:\/\/www.reisen-mit-mayer.de\/wp-content\/uploads\/2021\/09\/UlrikeGallion-622x1024.jpg 622w, https:\/\/www.reisen-mit-mayer.de\/wp-content\/uploads\/2021\/09\/UlrikeGallion-182x300.jpg 182w, https:\/\/www.reisen-mit-mayer.de\/wp-content\/uploads\/2021\/09\/UlrikeGallion-768x1265.jpg 768w, https:\/\/www.reisen-mit-mayer.de\/wp-content\/uploads\/2021\/09\/UlrikeGallion-932x1536.jpg 932w, https:\/\/www.reisen-mit-mayer.de\/wp-content\/uploads\/2021\/09\/UlrikeGallion-1243x2048.jpg 1243w, https:\/\/www.reisen-mit-mayer.de\/wp-content\/uploads\/2021\/09\/UlrikeGallion-scaled.jpg 1554w\" sizes=\"(max-width: 622px) 100vw, 622px\" \/><\/figure>\r\n<div class=\"wp-block-media-text__content\">\r\n<p class=\"has-text-align-left has-normal-font-size\"><strong>Ulrike Gallion<\/strong><br \/>Im Team seit 2008.<\/p>\r\n\r\n\r\n\r\n<p class=\"has-text-align-left has-normal-font-size\">Fahrerin im \u00f6ffentlichen Nahverkehr.<\/p>\r\n<\/div>\r\n<\/div>\r\n\r\n\r\n\r\n<p>&nbsp;<\/p>\r\n\r\n\r\n\r\n\r\n<div class=\"wp-block-media-text alignwide is-stacked-on-mobile\" style=\"grid-template-columns: 15% auto\">\r\n<figure class=\"wp-block-media-text__media\"><img loading=\"lazy\" width=\"708\" height=\"1024\" class=\"wp-image-617 size-full\" src=\"http:\/\/www.reisen-mit-mayer.de\/wp-content\/uploads\/2021\/09\/PeterWaldmann-708x1024.jpg\" alt=\"\" srcset=\"https:\/\/www.reisen-mit-mayer.de\/wp-content\/uploads\/2021\/09\/PeterWaldmann-708x1024.jpg 708w, https:\/\/www.reisen-mit-mayer.de\/wp-content\/uploads\/2021\/09\/PeterWaldmann-208x300.jpg 208w, https:\/\/www.reisen-mit-mayer.de\/wp-content\/uploads\/2021\/09\/PeterWaldmann-768x1110.jpg 768w, https:\/\/www.reisen-mit-mayer.de\/wp-content\/uploads\/2021\/09\/PeterWaldmann-1063x1536.jpg 1063w, https:\/\/www.reisen-mit-mayer.de\/wp-content\/uploads\/2021\/09\/PeterWaldmann-1417x2048.jpg 1417w, https:\/\/www.reisen-mit-mayer.de\/wp-content\/uploads\/2021\/09\/PeterWaldmann-scaled.jpg 1771w\" sizes=\"(max-width: 708px) 100vw, 708px\" \/><\/figure>\r\n<div class=\"wp-block-media-text__content\">\r\n<p class=\"has-text-align-left has-normal-font-size\"><strong>Peter Waldmann<\/strong><br \/>Im Team seit 2013.<\/p>\r\n\r\n\r\n\r\n<p class=\"has-text-align-left has-normal-font-size\">Fahrer im \u00f6ffentlichen Nahverkehr.<\/p>\r\n<\/div>\r\n<\/div>\r\n\r\n\r\n\r\n<p>&nbsp;<\/p>\r\n\r\n\r\n\r\n<div class=\"wp-block-media-text alignwide is-stacked-on-mobile\" style=\"grid-template-columns: 15% auto\">\r\n<figure class=\"wp-block-media-text__media\"><img loading=\"lazy\" width=\"668\" height=\"1024\" class=\"wp-image-563 size-full\" src=\"http:\/\/www.reisen-mit-mayer.de\/wp-content\/uploads\/2021\/09\/2WolfgangFink-668x1024.jpg\" alt=\"\" srcset=\"https:\/\/www.reisen-mit-mayer.de\/wp-content\/uploads\/2021\/09\/2WolfgangFink-668x1024.jpg 668w, https:\/\/www.reisen-mit-mayer.de\/wp-content\/uploads\/2021\/09\/2WolfgangFink-196x300.jpg 196w, https:\/\/www.reisen-mit-mayer.de\/wp-content\/uploads\/2021\/09\/2WolfgangFink-768x1177.jpg 768w, https:\/\/www.reisen-mit-mayer.de\/wp-content\/uploads\/2021\/09\/2WolfgangFink-1002x1536.jpg 1002w, https:\/\/www.reisen-mit-mayer.de\/wp-content\/uploads\/2021\/09\/2WolfgangFink-1336x2048.jpg 1336w, https:\/\/www.reisen-mit-mayer.de\/wp-content\/uploads\/2021\/09\/2WolfgangFink-scaled.jpg 1671w\" sizes=\"(max-width: 668px) 100vw, 668px\" \/><\/figure>\r\n<div class=\"wp-block-media-text__content\">\r\n<p class=\"has-text-align-left has-normal-font-size\"><strong>Wolfgang Fink<\/strong><br \/>Im Team seit 2013.<\/p>\r\n\r\n\r\n\r\n<p class=\"has-text-align-left has-normal-font-size\">Fahrer im Ausflugsverkehr und im \u00f6ffentlichen Nahverkehr.<\/p>\r\n<\/div>\r\n<\/div>\r\n\r\n\r\n\r\n<p>&nbsp;<\/p>\r\n\r\n\r\n\r\n\r\n<div class=\"wp-block-media-text alignwide is-stacked-on-mobile\" style=\"grid-template-columns: 15% auto\">\r\n<figure class=\"wp-block-media-text__media\"><img loading=\"lazy\" width=\"632\" height=\"1024\" class=\"wp-image-642 size-full\" src=\"http:\/\/www.reisen-mit-mayer.de\/wp-content\/uploads\/2021\/10\/SacirKrso-632x1024.jpg\" alt=\"\" srcset=\"https:\/\/www.reisen-mit-mayer.de\/wp-content\/uploads\/2021\/10\/SacirKrso-632x1024.jpg 632w, https:\/\/www.reisen-mit-mayer.de\/wp-content\/uploads\/2021\/10\/SacirKrso-185x300.jpg 185w, https:\/\/www.reisen-mit-mayer.de\/wp-content\/uploads\/2021\/10\/SacirKrso-768x1244.jpg 768w, https:\/\/www.reisen-mit-mayer.de\/wp-content\/uploads\/2021\/10\/SacirKrso-948x1536.jpg 948w, https:\/\/www.reisen-mit-mayer.de\/wp-content\/uploads\/2021\/10\/SacirKrso-1264x2048.jpg 1264w, https:\/\/www.reisen-mit-mayer.de\/wp-content\/uploads\/2021\/10\/SacirKrso-scaled.jpg 1580w\" sizes=\"(max-width: 632px) 100vw, 632px\" \/><\/figure>\r\n<div class=\"wp-block-media-text__content\">\r\n<p class=\"has-text-align-left has-normal-font-size\"><strong>Sacir Krso<\/strong><br \/>Im Team seit 2017.<\/p>\r\n\r\n\r\n\r\n<p class=\"has-text-align-left has-normal-font-size\">Fahrer im \u00f6ffentlichen Nahverkehr.<\/p>\r\n<\/div>\r\n<\/div>\r\n\r\n\r\n\r\n<p>&nbsp;<\/p>\r\n\r\n\r\n\r\n<div class=\"wp-block-media-text alignwide is-stacked-on-mobile\" style=\"grid-template-columns: 15% auto\">\r\n<figure class=\"wp-block-media-text__media\"><img loading=\"lazy\" width=\"655\" height=\"1024\" class=\"wp-image-600 size-full\" src=\"http:\/\/www.reisen-mit-mayer.de\/wp-content\/uploads\/2021\/09\/ThorstenGallion-655x1024.jpg\" alt=\"\" srcset=\"https:\/\/www.reisen-mit-mayer.de\/wp-content\/uploads\/2021\/09\/ThorstenGallion-655x1024.jpg 655w, https:\/\/www.reisen-mit-mayer.de\/wp-content\/uploads\/2021\/09\/ThorstenGallion-192x300.jpg 192w, https:\/\/www.reisen-mit-mayer.de\/wp-content\/uploads\/2021\/09\/ThorstenGallion-768x1201.jpg 768w, https:\/\/www.reisen-mit-mayer.de\/wp-content\/uploads\/2021\/09\/ThorstenGallion-982x1536.jpg 982w, https:\/\/www.reisen-mit-mayer.de\/wp-content\/uploads\/2021\/09\/ThorstenGallion-1310x2048.jpg 1310w, https:\/\/www.reisen-mit-mayer.de\/wp-content\/uploads\/2021\/09\/ThorstenGallion-scaled.jpg 1637w\" sizes=\"(max-width: 655px) 100vw, 655px\" \/><\/figure>\r\n<div class=\"wp-block-media-text__content\">\r\n<p class=\"has-text-align-left has-normal-font-size\"><strong>Thorsten Gallion<\/strong><br \/>Im Team seit 2018.<\/p>\r\n\r\n\r\n\r\n<p class=\"has-text-align-left has-normal-font-size\">Fahrer im \u00f6ffentlichen Nahverkehr.<\/p>\r\n<\/div>\r\n<\/div>\r\n\r\n\r\n\r\n<p>&nbsp;<\/p>\r\n\r\n\r\n\r\n<div class=\"wp-block-media-text alignwide is-stacked-on-mobile\" style=\"grid-template-columns: 15% auto\">\r\n<figure class=\"wp-block-media-text__media\"><img loading=\"lazy\" width=\"686\" height=\"1024\" class=\"wp-image-648 size-full\" src=\"http:\/\/www.reisen-mit-mayer.de\/wp-content\/uploads\/2021\/10\/TimofteGafon-686x1024.jpg\" alt=\"\" srcset=\"https:\/\/www.reisen-mit-mayer.de\/wp-content\/uploads\/2021\/10\/TimofteGafon-686x1024.jpg 686w, https:\/\/www.reisen-mit-mayer.de\/wp-content\/uploads\/2021\/10\/TimofteGafon-201x300.jpg 201w, https:\/\/www.reisen-mit-mayer.de\/wp-content\/uploads\/2021\/10\/TimofteGafon-768x1146.jpg 768w, https:\/\/www.reisen-mit-mayer.de\/wp-content\/uploads\/2021\/10\/TimofteGafon-1029x1536.jpg 1029w, https:\/\/www.reisen-mit-mayer.de\/wp-content\/uploads\/2021\/10\/TimofteGafon-1373x2048.jpg 1373w, https:\/\/www.reisen-mit-mayer.de\/wp-content\/uploads\/2021\/10\/TimofteGafon-scaled.jpg 1716w\" sizes=\"(max-width: 686px) 100vw, 686px\" \/><\/figure>\r\n<div class=\"wp-block-media-text__content\">\r\n<p class=\"has-text-align-left has-normal-font-size\"><strong>Timofte Gafon<\/strong><br \/>Im Team seit 2018.<\/p>\r\n\r\n\r\n\r\n<p class=\"has-text-align-left has-normal-font-size\">Fahrer im \u00f6ffentlichen Nahverkehr.<\/p>\r\n<\/div>\r\n<\/div>\r\n\r\n\r\n\r\n<p>&nbsp;<\/p>\r\n\r\n\r\n\r\n\r\n<div class=\"wp-block-media-text alignwide is-stacked-on-mobile\" style=\"grid-template-columns: 15% auto\">\r\n<figure class=\"wp-block-media-text__media\"><img loading=\"lazy\" width=\"641\" height=\"1024\" class=\"wp-image-647 size-full\" src=\"http:\/\/www.reisen-mit-mayer.de\/wp-content\/uploads\/2021\/10\/ConstantinGradinariu-641x1024.jpg\" alt=\"\" srcset=\"https:\/\/www.reisen-mit-mayer.de\/wp-content\/uploads\/2021\/10\/ConstantinGradinariu-641x1024.jpg 641w, https:\/\/www.reisen-mit-mayer.de\/wp-content\/uploads\/2021\/10\/ConstantinGradinariu-188x300.jpg 188w, https:\/\/www.reisen-mit-mayer.de\/wp-content\/uploads\/2021\/10\/ConstantinGradinariu-768x1226.jpg 768w, https:\/\/www.reisen-mit-mayer.de\/wp-content\/uploads\/2021\/10\/ConstantinGradinariu-962x1536.jpg 962w, https:\/\/www.reisen-mit-mayer.de\/wp-content\/uploads\/2021\/10\/ConstantinGradinariu-1283x2048.jpg 1283w, https:\/\/www.reisen-mit-mayer.de\/wp-content\/uploads\/2021\/10\/ConstantinGradinariu-scaled.jpg 1604w\" sizes=\"(max-width: 641px) 100vw, 641px\" \/><\/figure>\r\n<div class=\"wp-block-media-text__content\">\r\n<p class=\"has-text-align-left has-normal-font-size\"><strong>Constantin Gradinariu<\/strong><br \/>Im Team seit 2019.<\/p>\r\n\r\n\r\n\r\n<p class=\"has-text-align-left has-normal-font-size\">Fahrer im \u00f6ffentlichen Nahverkehr.<\/p>\r\n<\/div>\r\n<\/div>\r\n\r\n\r\n\r\n<p>&nbsp;<\/p>\r\n\r\n\r\n\r\n<div class=\"wp-block-media-text alignwide is-stacked-on-mobile\" style=\"grid-template-columns: 15% auto\">\r\n<figure class=\"wp-block-media-text__media\"><img loading=\"lazy\" width=\"645\" height=\"1024\" class=\"wp-image-597 size-full\" src=\"http:\/\/www.reisen-mit-mayer.de\/wp-content\/uploads\/2021\/09\/FlorinIonita-645x1024.jpg\" alt=\"\" srcset=\"https:\/\/www.reisen-mit-mayer.de\/wp-content\/uploads\/2021\/09\/FlorinIonita-645x1024.jpg 645w, https:\/\/www.reisen-mit-mayer.de\/wp-content\/uploads\/2021\/09\/FlorinIonita-189x300.jpg 189w, https:\/\/www.reisen-mit-mayer.de\/wp-content\/uploads\/2021\/09\/FlorinIonita-768x1218.jpg 768w, https:\/\/www.reisen-mit-mayer.de\/wp-content\/uploads\/2021\/09\/FlorinIonita-968x1536.jpg 968w, https:\/\/www.reisen-mit-mayer.de\/wp-content\/uploads\/2021\/09\/FlorinIonita-1291x2048.jpg 1291w, https:\/\/www.reisen-mit-mayer.de\/wp-content\/uploads\/2021\/09\/FlorinIonita-scaled.jpg 1614w\" sizes=\"(max-width: 645px) 100vw, 645px\" \/><\/figure>\r\n<div class=\"wp-block-media-text__content\">\r\n<p class=\"has-text-align-left has-normal-font-size\"><strong>Florin Ionita<\/strong><br \/>Im Team seit 2019.<\/p>\r\n\r\n\r\n\r\n<p class=\"has-text-align-left has-normal-font-size\">Fahrer im \u00f6ffentlichen Nahverkehr.<\/p>\r\n<\/div>\r\n<\/div>\r\n\r\n\r\n\r\n<p>&nbsp;<\/p>\r\n\r\n\r\n\r\n<div class=\"wp-block-media-text alignwide is-stacked-on-mobile\" style=\"grid-template-columns: 15% auto\">\r\n<figure class=\"wp-block-media-text__media\"><img loading=\"lazy\" width=\"676\" height=\"1024\" class=\"wp-image-590 size-full\" src=\"http:\/\/www.reisen-mit-mayer.de\/wp-content\/uploads\/2021\/09\/SorinHorga-676x1024.jpg\" alt=\"\" srcset=\"https:\/\/www.reisen-mit-mayer.de\/wp-content\/uploads\/2021\/09\/SorinHorga-676x1024.jpg 676w, https:\/\/www.reisen-mit-mayer.de\/wp-content\/uploads\/2021\/09\/SorinHorga-198x300.jpg 198w, https:\/\/www.reisen-mit-mayer.de\/wp-content\/uploads\/2021\/09\/SorinHorga-768x1163.jpg 768w, https:\/\/www.reisen-mit-mayer.de\/wp-content\/uploads\/2021\/09\/SorinHorga-1014x1536.jpg 1014w, https:\/\/www.reisen-mit-mayer.de\/wp-content\/uploads\/2021\/09\/SorinHorga-1352x2048.jpg 1352w, https:\/\/www.reisen-mit-mayer.de\/wp-content\/uploads\/2021\/09\/SorinHorga-scaled.jpg 1690w\" sizes=\"(max-width: 676px) 100vw, 676px\" \/><\/figure>\r\n<div class=\"wp-block-media-text__content\">\r\n<p class=\"has-text-align-left has-normal-font-size\"><strong>Sorin Horga<\/strong><br \/>Im Team seit 2020.<\/p>\r\n\r\n\r\n\r\n<p class=\"has-text-align-left has-normal-font-size\">Fahrer im \u00f6ffentlichen Nahverkehr.<\/p>\r\n<\/div>\r\n<\/div>\r\n\r\n\r\n\r\n<p>&nbsp;<\/p>\r\n","protected":false},"excerpt":{"rendered":"<p>Jeder Einzelne ist ein Zahnrad im Uhrwerk der gesamten Firma. &nbsp; Michael KarlIm Team seit 1988. Fahrer im \u00f6ffentlichen Nahverkehr, Werkstattspezialist und einfach unser &#8222;Mann f\u00fcr Alles&#8220;. &nbsp; Gerhard ReinhardIm Team seit 1988. Fahrer im Ausflugsverkehr und im \u00f6ffentlichen Nahverkehr. &nbsp; Andreas HinzIm Team seit 2008. Fahrer im Ausflugsverkehr und im \u00f6ffentlichen Nahverkehr. &nbsp; Ulrike&#8230;<\/p>\n","protected":false},"author":1,"featured_media":0,"parent":0,"menu_order":0,"comment_status":"closed","ping_status":"closed","template":"page_busbetrieb.php","meta":[],"_links":{"self":[{"href":"https:\/\/www.reisen-mit-mayer.de\/index.php?rest_route=\/wp\/v2\/pages\/543"}],"collection":[{"href":"https:\/\/www.reisen-mit-mayer.de\/index.php?rest_route=\/wp\/v2\/pages"}],"about":[{"href":"https:\/\/www.reisen-mit-mayer.de\/index.php?rest_route=\/wp\/v2\/types\/page"}],"author":[{"embeddable":true,"href":"https:\/\/www.reisen-mit-mayer.de\/index.php?rest_route=\/wp\/v2\/users\/1"}],"replies":[{"embeddable":true,"href":"https:\/\/www.reisen-mit-mayer.de\/index.php?rest_route=%2Fwp%2Fv2%2Fcomments&post=543"}],"version-history":[{"count":40,"href":"https:\/\/www.reisen-mit-mayer.de\/index.php?rest_route=\/wp\/v2\/pages\/543\/revisions"}],"predecessor-version":[{"id":1092,"href":"https:\/\/www.reisen-mit-mayer.de\/index.php?rest_route=\/wp\/v2\/pages\/543\/revisions\/1092"}],"wp:attachment":[{"href":"https:\/\/www.reisen-mit-mayer.de\/index.php?rest_route=%2Fwp%2Fv2%2Fmedia&parent=543"}],"curies":[{"name":"wp","href":"https:\/\/api.w.org\/{rel}","templated":true}]}}