{"id":385,"date":"2021-07-13T02:29:05","date_gmt":"2021-07-13T02:29:05","guid":{"rendered":"http:\/\/www.reisen-mit-mayer.de\/?page_id=385"},"modified":"2021-11-17T04:26:49","modified_gmt":"2021-11-17T04:26:49","slug":"oepnv","status":"publish","type":"page","link":"https:\/\/www.reisen-mit-mayer.de\/?page_id=385","title":{"rendered":"Linien"},"content":{"rendered":"<h1><a href=\"http:\/\/www.reisen-mit-mayer.de\/wp-content\/uploads\/2021\/09\/citaro2.jpg\"><img loading=\"lazy\" class=\"size-full wp-image-433 aligncenter\" src=\"http:\/\/www.reisen-mit-mayer.de\/wp-content\/uploads\/2021\/09\/citaro2.jpg\" alt=\"\" width=\"1000\" height=\"550\" srcset=\"https:\/\/www.reisen-mit-mayer.de\/wp-content\/uploads\/2021\/09\/citaro2.jpg 1000w, https:\/\/www.reisen-mit-mayer.de\/wp-content\/uploads\/2021\/09\/citaro2-300x165.jpg 300w, https:\/\/www.reisen-mit-mayer.de\/wp-content\/uploads\/2021\/09\/citaro2-768x422.jpg 768w\" sizes=\"(max-width: 1000px) 100vw, 1000px\" \/><\/a><\/h1>\n<h1><\/h1>\n<p>Wir sind mit unseren 12 Linienbussen langj\u00e4hriger, zuverl\u00e4ssiger Partner des \u00d6PNV.<\/p>\n<p><strong>Zur Zeit werden von uns im Auftrag der Busverkehr Rhein-Neckar GmbH (BRN) Teile der folgenden Linien des Linienb\u00fcndels Neckargem\u00fcnd und Heidelberg bedient:<\/strong><\/p>\n<div style=\"width: 100%; height: 500px; margin: 0 auto; margin-bottom: 50px; line-height: 1.4;\">\n<div style=\"width: 206px; height: 170px; float: left;\">\n<div style=\"width: 186px; height: 150px; text-align: center; background-color: #0082cb; border-radius: 10px; margin: 10px;\"><span style=\"color: #fff; font-size: 3.5em;\">710<\/span><br \/>\n<span style=\"color: #fff; font-size: 0.8em;\">Schwetzingen \u2013 Mannheim<\/span><\/div>\n<\/div>\n<div style=\"width: 206px; height: 170px; float: left;\">\n<div style=\"width: 186px; height: 150px; text-align: center; background-color: #0082cb; border-radius: 10px; margin: 10px;\"><span style=\"color: #fff; font-size: 3.5em;\">711<\/span><br \/>\n<span style=\"color: #fff; font-size: 0.8em;\">Schwetzingen \u2013 Mannheim<\/span><\/div>\n<\/div>\n<div style=\"width: 206px; height: 170px; float: left;\">\n<div style=\"width: 186px; height: 150px; text-align: center; background-color: #0082cb; border-radius: 10px; margin: 10px;\"><span style=\"color: #fff; font-size: 3.5em;\">717<\/span><br \/>\n<span style=\"color: #fff; font-size: 0.8em;\">Heidelberg \u2013 Speyer<\/span><\/div>\n<\/div>\n<div style=\"width: 206px; height: 170px; float: left;\">\n<div style=\"width: 186px; height: 150px; text-align: center; background-color: #0082cb; border-radius: 10px; margin: 10px;\"><span style=\"color: #fff; font-size: 3.5em;\">720<\/span><br \/>\n<span style=\"color: #fff; font-size: 0.8em;\">St. Leon-Rot \u2013 Heidelberg \u2013 St. Leon-Rot <\/span><\/div>\n<\/div>\n<div style=\"width: 206px; height: 170px; float: left;\">\n<div style=\"width: 186px; height: 150px; text-align: center; background-color: #0082cb; border-radius: 10px; margin: 10px;\"><span style=\"color: #fff; font-size: 3.5em;\">721<\/span><br \/>\n<span style=\"color: #fff; font-size: 0.8em;\">Walldorf \u2013 Heidelberg &#8211; Walldorf<\/span><\/div>\n<\/div>\n<div style=\"width: 206px; height: 170px; float: left;\">\n<div style=\"width: 186px; height: 150px; text-align: center; background-color: #0082cb; border-radius: 10px; margin: 10px;\"><span style=\"color: #fff; font-size: 3.5em;\">735<\/span><br \/>\n<span style=\"color: #fff; font-size: 0.8em;\">Heiligkreuzsteinach\/Eiterbach \u2013 Heidelberg<\/span><\/div>\n<\/div>\n<div style=\"width: 206px; height: 170px; float: left;\">\n<div style=\"width: 186px; height: 150px; text-align: center; background-color: #0082cb; border-radius: 10px; margin: 10px;\"><span style=\"color: #fff; font-size: 3.5em;\">737<\/span><br \/>\n<span style=\"color: #fff; font-size: 0.8em;\">Langenzell &#8211; Gaiberg \u2013 Langenzell<\/span><\/div>\n<\/div>\n<div style=\"width: 206px; height: 170px; float: left;\">\n<div style=\"width: 186px; height: 150px; text-align: center; background-color: #0082cb; border-radius: 10px; margin: 10px;\"><span style=\"color: #fff; font-size: 3.5em;\">743<\/span><br \/>\n<span style=\"color: #fff; font-size: 0.8em;\">Waldwimmersbach &#8211; Meckesheim<\/span><\/div>\n<\/div>\n<div style=\"width: 206px; height: 170px; float: left;\">\n<div style=\"width: 186px; height: 150px; text-align: center; background-color: #0082cb; border-radius: 10px; margin: 10px;\"><span style=\"color: #fff; font-size: 3.5em;\">748<\/span><br \/>\n<span style=\"color: #fff; font-size: 0.8em;\">Neckargem\u00fcnd \u2013 Bammental<\/span><\/div>\n<\/div>\n<div style=\"width: 206px; height: 170px; float: left;\">\n<div style=\"width: 186px; height: 150px; text-align: center; background-color: #0082cb; border-radius: 10px; margin: 10px;\"><span style=\"color: #fff; font-size: 3.5em;\">752<\/span><br \/>\n<span style=\"color: #fff; font-size: 0.8em;\">Heidelberg &#8211; Neckargem\u00fcnd \u2013 M\u00fcckenloch<\/span><\/div>\n<\/div>\n<div style=\"width: 206px; height: 170px; float: left;\">\n<div style=\"width: 186px; height: 150px; text-align: center; background-color: #0082cb; border-radius: 10px; margin: 10px;\"><span style=\"color: #fff; font-size: 3.5em;\">753<\/span><br \/>\n<span style=\"color: #fff; font-size: 0.8em;\">Stadtverkehr Neckargem\u00fcnd<\/span><\/div>\n<\/div>\n<div style=\"width: 206px; height: 170px; float: left;\">\n<div style=\"width: 186px; height: 150px; text-align: center; background-color: #0082cb; border-radius: 10px; margin: 10px;\"><span style=\"color: #fff; font-size: 3.5em;\">754<\/span><br \/>\n<span style=\"color: #fff; font-size: 0.75em;\">Heidelberg &#8211; Neckargem\u00fcnd \u2013 Lobenfeld \u2013 Reichartshausen &#8211; Sch\u00f6nbrunn\/Haag<\/span><\/div>\n<\/div>\n<div style=\"width: 206px; height: 170px; float: left;\">\n<div style=\"width: 186px; height: 150px; text-align: center; background-color: #0082cb; border-radius: 10px; margin: 10px;\"><span style=\"color: #fff; font-size: 3.5em;\">755<\/span><br \/>\n<span style=\"color: #fff; font-size: 0.8em;\">Heidelberg \u2013 Bammental &#8211; Sinsheim<\/span><\/div>\n<\/div>\n<div style=\"width: 206px; height: 170px; float: left;\">\n<div style=\"width: 186px; height: 150px; text-align: center; background-color: #0082cb; border-radius: 10px; margin: 10px;\"><span style=\"color: #fff; font-size: 3.5em;\">817<\/span><br \/>\n<span style=\"color: #fff; font-size: 0.8em;\">Grein-Neckarsteinach<\/span><\/div>\n<\/div>\n<\/div>\n<div style=\"clear: both;\">&nbsp;<\/div>\n<p>Bitte wenden Sie sich bei Fragen zu<strong> Fahrpl\u00e4nen, Fahrkarten und Tarifen<\/strong> an die Webseite <a href=\"http:\/\/www.vrn.de\" target=\"_blank\" rel=\"noopener\">www.vrn.de<\/a> , <a href=\"http:\/\/www.dbregiobus-bawue.de\" target=\"_blank\" rel=\"noopener\">www.dbregiobus-bawue.de<\/a> oder an Ihr n\u00e4chstgelegenes Kundencenter der Busverkehr Rhein-Neckar GmbH.<\/p>\n","protected":false},"excerpt":{"rendered":"<p>Wir sind mit unseren 12 Linienbussen langj\u00e4hriger, zuverl\u00e4ssiger Partner des \u00d6PNV. Zur Zeit werden von uns im Auftrag der Busverkehr Rhein-Neckar GmbH (BRN) Teile der folgenden Linien des Linienb\u00fcndels Neckargem\u00fcnd und Heidelberg bedient: 710 Schwetzingen \u2013 Mannheim 711 Schwetzingen \u2013 Mannheim 717 Heidelberg \u2013 Speyer 720 St. Leon-Rot \u2013 Heidelberg \u2013 St. Leon-Rot 721 Walldorf&#8230;<\/p>\n","protected":false},"author":1,"featured_media":0,"parent":0,"menu_order":0,"comment_status":"closed","ping_status":"closed","template":"page_busbetrieb.php","meta":[],"_links":{"self":[{"href":"https:\/\/www.reisen-mit-mayer.de\/index.php?rest_route=\/wp\/v2\/pages\/385"}],"collection":[{"href":"https:\/\/www.reisen-mit-mayer.de\/index.php?rest_route=\/wp\/v2\/pages"}],"about":[{"href":"https:\/\/www.reisen-mit-mayer.de\/index.php?rest_route=\/wp\/v2\/types\/page"}],"author":[{"embeddable":true,"href":"https:\/\/www.reisen-mit-mayer.de\/index.php?rest_route=\/wp\/v2\/users\/1"}],"replies":[{"embeddable":true,"href":"https:\/\/www.reisen-mit-mayer.de\/index.php?rest_route=%2Fwp%2Fv2%2Fcomments&post=385"}],"version-history":[{"count":28,"href":"https:\/\/www.reisen-mit-mayer.de\/index.php?rest_route=\/wp\/v2\/pages\/385\/revisions"}],"predecessor-version":[{"id":910,"href":"https:\/\/www.reisen-mit-mayer.de\/index.php?rest_route=\/wp\/v2\/pages\/385\/revisions\/910"}],"wp:attachment":[{"href":"https:\/\/www.reisen-mit-mayer.de\/index.php?rest_route=%2Fwp%2Fv2%2Fmedia&parent=385"}],"curies":[{"name":"wp","href":"https:\/\/api.w.org\/{rel}","templated":true}]}}