{"id":972,"date":"2022-02-15T04:30:46","date_gmt":"2022-02-15T04:30:46","guid":{"rendered":"https:\/\/www.reisen-mit-mayer.de\/?page_id=972"},"modified":"2022-02-15T04:30:46","modified_gmt":"2022-02-15T04:30:46","slug":"hinweise-zur-datenverarbeitung-2","status":"publish","type":"page","link":"http:\/\/www.reisen-mit-mayer.de\/?page_id=972","title":{"rendered":"Hinweise zur Datenverarbeitung"},"content":{"rendered":"<h1>Hinweise zur Datenverarbeitung im Rahmen einer Reisebuchung oder Busgestellung der Mayer GmbH Omnibusbetrieb, Brunnacker 3, 69151 Neckargem\u00fcnd<\/h1>\n<p>Sehr geehrter Kunde,<\/p>\n<p>wir kommen hiermit unserer Informationspflicht nach Art. 13 Datenschutzgrundverordnung (DSGVO) nach und informieren Sie nachfolgend insbesondere dar\u00fcber, welche Daten wir von Ihnen im Rahmen einer Reisebuchung erhoben und gespeichert haben, zu welchem Zweck und auf welche Rechtsgrundlage wir dies st\u00fctzen.<\/p>\n<h3>I. Name und Kontaktdaten des f\u00fcr die Datenverarbeitung Verantwortlichen<\/h3>\n<p>Mayer GmbH Omnibusbetrieb<br \/>\nBrunnacker 3<br \/>\n69151 Neckargem\u00fcnd<\/p>\n<p>E-Mail: bustouristik@reisen-mit-mayer.de<br \/>\nTel.: 06223\/1364<br \/>\nFax: 06223\/73328<\/p>\n<h3>II. Erhebung und Speicherung personenbezogener Daten sowie Art, Zweck und deren Verwendung<\/h3>\n<p>Wir verarbeiten Ihre Daten ausschlie\u00dflich zum Zwecke der Erf\u00fcllung unserer vertraglichen Verpflichtungen oder zur Durchf\u00fchrung vorvertraglichen Ma\u00dfnahmen (Art. 6 Abs. 1 lit. b) DSGVO). Eine dar\u00fcber hinausgehende Datenverarbeitung findet nur statt, wenn und soweit diese aufgrund gesetzlicher Regelungen (Art. 6 Abs. 1 lit. c) DSGVO) oder zur Wahrung unserer berechtigten Interessen (Art. 6 Abs. 1 lit. f) DSGVO) erforderlich ist oder wenn Sie in die Datenverarbeitung eingewilligt haben (Art. 6 Abs. 1 lit. a) DSGVO).<\/p>\n<h4>a. Buchungsanfrage<\/h4>\n<p>F\u00fcr die Beantwortung einer uns \u00fcber das Telefon oder pers\u00f6nlich in unserem Omnibusbetrieb \u00fcbermittelten Buchungsanfrage erheben und speichern wir folgende Daten:<\/p>\n<p>Name<br \/>\nAdresse<br \/>\nTelefonnummer<br \/>\nFaxnummer<br \/>\nE-Mail-Adresse<\/p>\n<p>Sie k\u00f6nnen der Verarbeitung der Daten f\u00fcr die Beantwortung Ihrer Anfrage jederzeit widersprechen. Jedoch kann dann Ihre Anfrage nicht weiter bearbeitet werden.<\/p>\n<h4>b. Reisebuchung<\/h4>\n<p>F\u00fcr die telefonische oder pers\u00f6nliche Buchung einer Busgestellung oder einer durch uns organisierten Pauschalreise verarbeiten wir folgende Daten:<\/p>\n<p>Name und vollst\u00e4ndige Adresse<br \/>\nKontaktdaten wie Telefonnummer, E-Mail-Adresse<br \/>\nreisespezifische Daten wie Reisedauer und Reiseziel<\/p>\n<p>Sie k\u00f6nnen der Datenverarbeitung jederzeit widersprechen. In diesem Fall kann die Reisebuchung jedoch nicht vorgenommen werden.<\/p>\n<h4>c. Rechnungstellung<\/h4>\n<p>Nach Beendigung der Reise werden wir eine Rechnung f\u00fcr die von Ihnen gebuchte Reise erstellen und Ihnen zukommen lassen. Daf\u00fcr verarbeiten wir die Daten analog der Reisebuchung.<\/p>\n<h4>d. Katalogversand<\/h4>\n<p>Wir m\u00f6chten Sie gerne \u00fcber neue Reiseangebote informieren. Damit wir Ihnen deshalb regelm\u00e4\u00dfig unseren Reisekatalog per Post zusenden k\u00f6nnen, verarbeiten wir folgende Daten:<\/p>\n<p>Name und vollst\u00e4ndige Adresse<\/p>\n<p>Sie haben jederzeit die M\u00f6glichkeit, der Verarbeitung zu widersprechen. In diesem Fall kann Ihnen jedoch kein weiterer Katalog zugesandt werden.<\/p>\n<h3>III. Weitergabe Ihrer Daten<\/h3>\n<p>Ihre Daten werden nicht an Dritte weitergegeben, au\u00dfer die Weitergabe ist f\u00fcr die Erf\u00fcllung unserer vertraglichen Verpflichtungen erforderlich (z.B. Weitergabe der Daten an touristische Leistungstr\u00e4ger bei einer Pauschalreise) oder aufgrund von gesetzlichen Regelungen vorgeschrieben.<\/p>\n<h3>IV. L\u00f6schung<\/h3>\n<p>Ihre Daten werden gel\u00f6scht, sobald sie f\u00fcr die Erreichung des Zweckes ihrer Erhebung und Verarbeitung nicht mehr erforderlich sind. Stehen gesetzliche Aufbewahrungsfristen (z.B. nach der Abgabenordnung oder dem Handelsgesetzbuch) der L\u00f6schung entgegen, werden Ihre Daten erst nach Ablauf der einschl\u00e4gigen gesetzlichen Aufbewahrungsfristen gel\u00f6scht.<\/p>\n<h3>V. Betroffenenrechte<\/h3>\n<p>Sie haben das Recht, Auskunft \u00fcber Ihre gespeicherten personenbezogenen Daten sowie zu deren Herkunft, Empf\u00e4ngern oder Kategorien von Empf\u00e4ngern, an die diese Daten weitergegeben werden und den Zweck der Speicherung zu erhalten.<br \/>\nF\u00fcr den Fall, dass die Daten unrichtig sind, haben Sie das Recht, diese Daten berichtigen zu lassen.<br \/>\nWeiter haben Sie das Recht, Ihre Daten l\u00f6schen oder einschr\u00e4nken (sperren) zu lassen, wenn die Speicherung unzul\u00e4ssig oder nicht mehr erforderlich ist.<br \/>\nWenn Sie eine Einwilligung zur Nutzung von Daten erteilt haben, k\u00f6nnen Sie diese jederzeit widerrufen. Um Ihren Widerruf geltend zu machen, k\u00f6nnen Sie sich per E-Mail an bustouristik@reisen-mit-mayer.de oder schriftlich an die oben genannte Adresse wenden.<br \/>\nSie haben ein Beschwerderecht bei der Aufsichtsbeh\u00f6rde. In Baden-W\u00fcrttemberg: Landesbeauftragter f\u00fcr den Datenschutz und die Informationsfreiheit, K\u00f6nigstra\u00dfe 10a, 70173 Stuttgart.<\/p>\n","protected":false},"excerpt":{"rendered":"<p>Hinweise zur Datenverarbeitung im Rahmen einer Reisebuchung oder Busgestellung der Mayer GmbH Omnibusbetrieb, Brunnacker 3, 69151 Neckargem\u00fcnd Sehr geehrter Kunde, wir kommen hiermit unserer Informationspflicht nach Art. 13 Datenschutzgrundverordnung (DSGVO) nach und informieren Sie nachfolgend insbesondere dar\u00fcber, welche Daten wir von Ihnen im Rahmen einer Reisebuchung erhoben und gespeichert haben, zu welchem Zweck und auf&#8230;<\/p>\n","protected":false},"author":1,"featured_media":0,"parent":0,"menu_order":0,"comment_status":"closed","ping_status":"closed","template":"page_busbetrieb.php","meta":[],"_links":{"self":[{"href":"http:\/\/www.reisen-mit-mayer.de\/index.php?rest_route=\/wp\/v2\/pages\/972"}],"collection":[{"href":"http:\/\/www.reisen-mit-mayer.de\/index.php?rest_route=\/wp\/v2\/pages"}],"about":[{"href":"http:\/\/www.reisen-mit-mayer.de\/index.php?rest_route=\/wp\/v2\/types\/page"}],"author":[{"embeddable":true,"href":"http:\/\/www.reisen-mit-mayer.de\/index.php?rest_route=\/wp\/v2\/users\/1"}],"replies":[{"embeddable":true,"href":"http:\/\/www.reisen-mit-mayer.de\/index.php?rest_route=%2Fwp%2Fv2%2Fcomments&post=972"}],"version-history":[{"count":4,"href":"http:\/\/www.reisen-mit-mayer.de\/index.php?rest_route=\/wp\/v2\/pages\/972\/revisions"}],"predecessor-version":[{"id":976,"href":"http:\/\/www.reisen-mit-mayer.de\/index.php?rest_route=\/wp\/v2\/pages\/972\/revisions\/976"}],"wp:attachment":[{"href":"http:\/\/www.reisen-mit-mayer.de\/index.php?rest_route=%2Fwp%2Fv2%2Fmedia&parent=972"}],"curies":[{"name":"wp","href":"https:\/\/api.w.org\/{rel}","templated":true}]}}