{"id":766,"date":"2021-10-12T06:49:43","date_gmt":"2021-10-12T06:49:43","guid":{"rendered":"https:\/\/www.reisen-mit-mayer.de\/?page_id=766"},"modified":"2024-02-20T13:52:08","modified_gmt":"2024-02-20T13:52:08","slug":"automatisch-gespeicherter-entwurf","status":"publish","type":"page","link":"http:\/\/www.reisen-mit-mayer.de\/","title":{"rendered":"Startseite Busbetrieb"},"content":{"rendered":"\r\n<h1 class=\"has-text-align-center\">Nur wer sich auf den Weg macht, wird Neues entdecken\u2026<\/h1>\r\n\r\n\r\n\r\n<h2 class=\"has-text-align-center\">Herzlich willkommen auf unserer neuen Homepage!<\/h2>\r\n\r\n\r\n\r\n<p><br>Wir sind ein Busunternehmen am Fu\u00dfe des Dilsbergs im sch\u00f6nen Neckartal und chauffieren Sie seit 1974 als Reisegast an die sch\u00f6nsten Ziele Europas oder als Fahrgast im \u00f6ffentlichen Nahverkehr.<br>Wir freuen uns darauf, Sie an Bord zu nehmen. <\/p>\r\n\r\n\r\n\r\n<p><strong>Stets sind wir sehr bem\u00fcht, allem gerecht zu werden.<\/strong><\/p>\r\n\r\n\r\n\r\n<p><\/p>\r\n\r\n\r\n\r\n<p>&nbsp;<\/p>\r\n\r\n\r\n\r\n<div class=\"service-block-wrap clearfix\">\r\n\t\t\t\t\t\t\t\t\t\t\t\t<div class=\"service-block\">\r\n\t\t\t\t\t\t\t\t<div class=\"service-image\">\r\n\t\t\t\t\t\t\t\t\t\t\t\t\t\t\t\t\t\t<a href=\"https:\/\/www.reisen-mit-mayer.de\/?page_id=630\" class=\"image-wrap\"> \r\n\t\t\t\t\t\t\t\t\t<img src=\"https:\/\/www.reisen-mit-mayer.de\/wp-content\/uploads\/2021\/10\/IMG_6863-HDR-380x252.jpg\" alt=\"VERMIETUNG\">\r\n\t\t\t\t\t\t\t\t\t<\/a>\r\n\t\t\t\t\t\t\t\t\t<div class=\"service-overlay\">\r\n\t\t\t\t\t\t\t\t\t\t<a href=\"https:\/\/www.reisen-mit-mayer.de\/?page_id=630\"> <i class=\"fa fa-external-link\"><\/i> <\/a>\r\n\t\t\t\t\t\t\t\t\t<\/div>\r\n\t\t\t\t\t\t\t\t\t\t\t\t\t\t\t\t\t<\/div>\r\n\t\t\t\t\t\t\t\t<div class=\"service-content\">\r\n\t\t\t\t\t\t\t\t\t<h1 class=\"service-title\"><a href=\"https:\/\/www.reisen-mit-mayer.de\/?page_id=630\">VERMIETUNG<\/a><\/h1>\r\n\t\t\t\t\t\t\t\t\t<div class=\"service-desc\">\r\nReiseb\u00fcro Mayer\r\nBei unserem pers\u00f6nlich gef\u00fchrten Reiseb\u00fcro k\u00f6nnen Sie auf eine langj\u00e4hrige Erfahrung und Fachkompeten&#8230;<\/div>\r\n\t\t\t\t\t\t\t\t<\/div>\r\n\t\t\t\t\t\t\t<\/div>\r\n\t\t\t\t\t\t\t\t\t\t\t\t<div class=\"service-block\">\r\n\t\t\t\t\t\t\t\t<div class=\"service-image\">\r\n\t\t\t\t\t\t\t\t\t\t\t\t\t\t\t\t\t\t<a href=\"https:\/\/www.reisen-mit-mayer.de\/?page_id=585\" class=\"image-wrap\"> \r\n\t\t\t\t\t\t\t\t\t<img src=\"https:\/\/www.reisen-mit-mayer.de\/wp-content\/uploads\/2021\/10\/200Meran-380x252.jpg\" alt=\"BUSREISEN\">\r\n\t\t\t\t\t\t\t\t\t<\/a>\r\n\t\t\t\t\t\t\t\t\t<div class=\"service-overlay\">\r\n\t\t\t\t\t\t\t\t\t\t<a href=\"https:\/\/www.reisen-mit-mayer.de\/?page_id=585\"> <i class=\"fa fa-external-link\"><\/i> <\/a>\r\n\t\t\t\t\t\t\t\t\t<\/div>\r\n\t\t\t\t\t\t\t\t\t\t\t\t\t\t\t\t\t<\/div>\r\n\t\t\t\t\t\t\t\t<div class=\"service-content\">\r\n\t\t\t\t\t\t\t\t\t<h1 class=\"service-title\"><a href=\"https:\/\/www.reisen-mit-mayer.de\/?page_id=585\">BUSREISEN<\/a><\/h1>\r\n\t\t\t\t\t\t\t\t\t<div class=\"service-desc\">CONTENTS<\/div>\r\n\t\t\t\t\t\t\t\t<\/div>\r\n\t\t\t\t\t\t\t<\/div>\r\n\t\t\t\t\t\t\t\t\t\t\t\t<div class=\"service-block\">\r\n\t\t\t\t\t\t\t\t<div class=\"service-image\">\r\n\t\t\t\t\t\t\t\t\t\t\t\t\t\t\t\t\t\t<a href=\"https:\/\/www.reisen-mit-mayer.de\/?page_id=719\" class=\"image-wrap\"> \r\n\t\t\t\t\t\t\t\t\t<img src=\"https:\/\/www.reisen-mit-mayer.de\/wp-content\/uploads\/2021\/10\/IMG_1560-Pano-Bearbeitet-380x252.jpg\" alt=\"REISEFLOTTE\">\r\n\t\t\t\t\t\t\t\t\t<\/a>\r\n\t\t\t\t\t\t\t\t\t<div class=\"service-overlay\">\r\n\t\t\t\t\t\t\t\t\t\t<a href=\"https:\/\/www.reisen-mit-mayer.de\/?page_id=719\"> <i class=\"fa fa-external-link\"><\/i> <\/a>\r\n\t\t\t\t\t\t\t\t\t<\/div>\r\n\t\t\t\t\t\t\t\t\t\t\t\t\t\t\t\t\t<\/div>\r\n\t\t\t\t\t\t\t\t<div class=\"service-content\">\r\n\t\t\t\t\t\t\t\t\t<h1 class=\"service-title\"><a href=\"https:\/\/www.reisen-mit-mayer.de\/?page_id=719\">REISEFLOTTE<\/a><\/h1>\r\n\t\t\t\t\t\t\t\t\t<div class=\"service-desc\">\r\nUnsere attraktiven Tagesfahrten\r\nSeit dem 15.06.2020 d\u00fcrfen unsere Reisebusse nun endlich wieder \u201erollen\u201c\u2026\r\nUnsere n\u00e4c&#8230;<\/div>\r\n\t\t\t\t\t\t\t\t<\/div>\r\n\t\t\t\t\t\t\t<\/div>\r\n\t\t\t\t\t\t\t\t\t\t\t\t<div class=\"service-block\">\r\n\t\t\t\t\t\t\t\t<div class=\"service-image\">\r\n\t\t\t\t\t\t\t\t\t\t\t\t\t\t\t\t\t\t<a href=\"https:\/\/www.reisen-mit-mayer.de\/?page_id=385\" class=\"image-wrap\"> \r\n\t\t\t\t\t\t\t\t\t<img src=\"https:\/\/www.reisen-mit-mayer.de\/wp-content\/uploads\/2021\/09\/citaro2-380x252.jpg\" alt=\"\u00d6PNV\">\r\n\t\t\t\t\t\t\t\t\t<\/a>\r\n\t\t\t\t\t\t\t\t\t<div class=\"service-overlay\">\r\n\t\t\t\t\t\t\t\t\t\t<a href=\"https:\/\/www.reisen-mit-mayer.de\/?page_id=385\"> <i class=\"fa fa-external-link\"><\/i> <\/a>\r\n\t\t\t\t\t\t\t\t\t<\/div>\r\n\t\t\t\t\t\t\t\t\t\t\t\t\t\t\t\t\t<\/div>\r\n\t\t\t\t\t\t\t\t<div class=\"service-content\">\r\n\t\t\t\t\t\t\t\t\t<h1 class=\"service-title\"><a href=\"https:\/\/www.reisen-mit-mayer.de\/?page_id=385\">\u00d6PNV<\/a><\/h1>\r\n\t\t\t\t\t\t\t\t\t<div class=\"service-desc\">Anbieterinformationen\r\nFirma Mayer GmbH Omnibusbetrieb\r\nBrunnacker 3\r\n69151 Neckargem\u00fcnd\r\n\r\nTel.: (06223) 1364\r\nFax: (06223) 73328<\/div>\r\n\t\t\t\t\t\t\t\t<\/div>\r\n\t\t\t\t\t\t\t<\/div>\r\n\t\t\t\t\t\t\t\t\t\t<\/div> <!-- service-block-wrap end -->\r\n\t\t\t\t\t\t\t\t\t\r\n\r\n<div class=\"ak-container\">\r\n                \t\t\t\t\t<div class=\"section-title-wrap\">\r\n\t\t\t\t\t\t\t\t\t\t\t\t\t\t\t\t\t\t<div class=\"sub-desc\">\r\n\t\t\t\t\t\t\t<div style=\"float: center\">\r\n<div>\r\n<h1 class=\"feature-title\">KONTAKT<\/h1>\r\nBrunnacker 3<br>\r\n69151 Neckargem\u00fcnd<br>\r\n<br>\r\nTelefon: 06223 1364<br>\r\nFax: 06223 73328<br>\r\nE-Mail: bustouristik@reisen-mit-mayer.de<br><br>\r\n<p><strong>Die Webseite des Reiseb\u00fcros Mayer in Neckargem\u00fcnd, Hauptstra\u00dfe 15 finden Sie nun unter<\/strong><br><a href=\"https:\/\/www.traumreisen-mit-mayer.de\" target=\"_blank\" rel=\"noopener\">www.traumreisen-mit-mayer.de.<\/a><\/p>\r\n<\/div>\r\n<div>\t\t\t\t\t\t<\/div>\r\n\t\t\t\t\t\t\t\t\t\t\t<\/div>\r\n                \r\n\t\t\t\t\t\t\t\t\t<\/div>\r\n\t\t\t<\/div><\/div>\r\n\r\n\r\n\r\n<p><\/p>\r\n\r\n\r\n\r\n<p class=\"has-text-align-center has-medium-font-size\">MITGLIED IM<\/p>\r\n\r\n\r\n\r\n<div class=\"wp-block-image\"><figure class=\"aligncenter size-medium\"><a href=\"http:\/\/www.reisen-mit-mayer.de\/wp-content\/uploads\/2021\/10\/1709_WBO_Logo_2017.jpg\"><img loading=\"lazy\" width=\"300\" height=\"100\" src=\"https:\/\/www.reisen-mit-mayer.de\/wp-content\/uploads\/2021\/10\/1709_WBO_Logo_2017-300x100.jpg\" alt=\"\" class=\"wp-image-816\" srcset=\"http:\/\/www.reisen-mit-mayer.de\/wp-content\/uploads\/2021\/10\/1709_WBO_Logo_2017-300x100.jpg 300w, http:\/\/www.reisen-mit-mayer.de\/wp-content\/uploads\/2021\/10\/1709_WBO_Logo_2017-768x256.jpg 768w, http:\/\/www.reisen-mit-mayer.de\/wp-content\/uploads\/2021\/10\/1709_WBO_Logo_2017.jpg 1000w\" sizes=\"(max-width: 300px) 100vw, 300px\" \/><\/a><\/figure><\/div>\r\n\r\n\r\n\r\n<div class=\"wp-block-image is-style-default\"><figure class=\"aligncenter size-large\"><a href=\"http:\/\/www.reisen-mit-mayer.de\/wp-content\/uploads\/2021\/10\/IMG_7577.jpg\"><img loading=\"lazy\" width=\"1024\" height=\"625\" src=\"http:\/\/www.reisen-mit-mayer.de\/wp-content\/uploads\/2021\/10\/IMG_7577-1024x625.jpg\" alt=\"\" class=\"wp-image-858\" srcset=\"http:\/\/www.reisen-mit-mayer.de\/wp-content\/uploads\/2021\/10\/IMG_7577-1024x625.jpg 1024w, http:\/\/www.reisen-mit-mayer.de\/wp-content\/uploads\/2021\/10\/IMG_7577-300x183.jpg 300w, http:\/\/www.reisen-mit-mayer.de\/wp-content\/uploads\/2021\/10\/IMG_7577-768x468.jpg 768w, http:\/\/www.reisen-mit-mayer.de\/wp-content\/uploads\/2021\/10\/IMG_7577-1536x937.jpg 1536w, http:\/\/www.reisen-mit-mayer.de\/wp-content\/uploads\/2021\/10\/IMG_7577.jpg 1800w\" sizes=\"(max-width: 1024px) 100vw, 1024px\" \/><\/a><\/figure><\/div>\r\n","protected":false},"excerpt":{"rendered":"<p>Nur wer sich auf den Weg macht, wird Neues entdecken\u2026 Herzlich willkommen auf unserer neuen Homepage! Wir sind ein Busunternehmen am Fu\u00dfe des Dilsbergs im sch\u00f6nen Neckartal und chauffieren Sie seit 1974 als Reisegast an die sch\u00f6nsten Ziele Europas oder als Fahrgast im \u00f6ffentlichen Nahverkehr.Wir freuen uns darauf, Sie an Bord zu nehmen. Stets sind&#8230;<\/p>\n","protected":false},"author":1,"featured_media":0,"parent":0,"menu_order":0,"comment_status":"closed","ping_status":"closed","template":"page_busbetriebhome.php","meta":[],"_links":{"self":[{"href":"http:\/\/www.reisen-mit-mayer.de\/index.php?rest_route=\/wp\/v2\/pages\/766"}],"collection":[{"href":"http:\/\/www.reisen-mit-mayer.de\/index.php?rest_route=\/wp\/v2\/pages"}],"about":[{"href":"http:\/\/www.reisen-mit-mayer.de\/index.php?rest_route=\/wp\/v2\/types\/page"}],"author":[{"embeddable":true,"href":"http:\/\/www.reisen-mit-mayer.de\/index.php?rest_route=\/wp\/v2\/users\/1"}],"replies":[{"embeddable":true,"href":"http:\/\/www.reisen-mit-mayer.de\/index.php?rest_route=%2Fwp%2Fv2%2Fcomments&post=766"}],"version-history":[{"count":26,"href":"http:\/\/www.reisen-mit-mayer.de\/index.php?rest_route=\/wp\/v2\/pages\/766\/revisions"}],"predecessor-version":[{"id":1093,"href":"http:\/\/www.reisen-mit-mayer.de\/index.php?rest_route=\/wp\/v2\/pages\/766\/revisions\/1093"}],"wp:attachment":[{"href":"http:\/\/www.reisen-mit-mayer.de\/index.php?rest_route=%2Fwp%2Fv2%2Fmedia&parent=766"}],"curies":[{"name":"wp","href":"https:\/\/api.w.org\/{rel}","templated":true}]}}