{"id":695,"date":"2021-10-06T09:01:45","date_gmt":"2021-10-06T09:01:45","guid":{"rendered":"https:\/\/www.reisen-mit-mayer.de\/?page_id=695"},"modified":"2021-11-22T08:13:54","modified_gmt":"2021-11-22T08:13:54","slug":"mercedes-benz-tourismo-16-rhd-3","status":"publish","type":"page","link":"http:\/\/www.reisen-mit-mayer.de\/?page_id=695","title":{"rendered":"Mercedes-Benz Tourismo 16 RHD-M"},"content":{"rendered":"<p>&nbsp;<\/p>\n<p><a href=\"http:\/\/www.reisen-mit-mayer.de\/wp-content\/uploads\/2021\/10\/IMG_1296-HDR_1.jpg\"><img loading=\"lazy\" class=\"alignnone wp-image-653 size-full\" src=\"http:\/\/www.reisen-mit-mayer.de\/wp-content\/uploads\/2021\/10\/IMG_1296-HDR_1.jpg\" alt=\"\" width=\"1800\" height=\"858\" \/><\/a><\/p>\n<div style=\"width: 100%;\">\n<div style=\"max-width: 380px; float: left;\"><a href=\"http:\/\/www.reisen-mit-mayer.de\/wp-content\/uploads\/2021\/10\/IMG_1323-HDR.jpg\"><img loading=\"lazy\" class=\"alignnone wp-image-654\" src=\"http:\/\/www.reisen-mit-mayer.de\/wp-content\/uploads\/2021\/10\/IMG_1323-HDR-300x200.jpg\" alt=\"\" width=\"380\" height=\"253\" \/><\/a><\/p>\n<p><a href=\"http:\/\/www.reisen-mit-mayer.de\/wp-content\/uploads\/2021\/10\/IMG_6893-HDR.jpg\"><img loading=\"lazy\" class=\"alignnone wp-image-672\" src=\"http:\/\/www.reisen-mit-mayer.de\/wp-content\/uploads\/2021\/10\/IMG_6893-HDR-300x200.jpg\" alt=\"\" width=\"380\" height=\"253\" \/><\/a><\/p>\n<p><a href=\"http:\/\/www.reisen-mit-mayer.de\/wp-content\/uploads\/2021\/10\/IMG_6899-HDR.jpg\"><img loading=\"lazy\" class=\"alignnone wp-image-673\" src=\"http:\/\/www.reisen-mit-mayer.de\/wp-content\/uploads\/2021\/10\/IMG_6899-HDR-300x200.jpg\" alt=\"\" width=\"380\" height=\"253\" \/><\/a><\/p>\n<\/div>\n<div class=\"busdescription\">\n<div style=\"height: 50px;\"><\/div>\n<h2>Mercedes-Benz Tourismo 16 RHD-M<\/h2>\n<ul>\n<li>3-Achser<\/li>\n<li>53 Sitzpl\u00e4tze + 2 Reiseleiter<\/li>\n<li>WC, Bordk\u00fcche, K\u00fchlschrank<\/li>\n<li>CD-\/DVD-Anlage, 2 Monitore<\/li>\n<li>Klimaanlage<\/li>\n<li>Fu\u00dfst\u00fctzen<\/li>\n<li>Klapptische<\/li>\n<li>Uvm.<\/li>\n<\/ul>\n<h2>Sitzplan<\/h2>\n<p><a href=\"http:\/\/www.reisen-mit-mayer.de\/wp-content\/uploads\/2021\/11\/em-798.pdf\" target=\"_blank\" rel=\"noopener noreferrer\"><img loading=\"lazy\" class=\"alignnone size-thumbnail wp-image-415\" src=\"http:\/\/www.reisen-mit-mayer.de\/wp-content\/uploads\/2021\/07\/pdf-2127829_640-150x150.png\" alt=\"\" width=\"150\" height=\"150\" srcset=\"http:\/\/www.reisen-mit-mayer.de\/wp-content\/uploads\/2021\/07\/pdf-2127829_640-150x150.png 150w, http:\/\/www.reisen-mit-mayer.de\/wp-content\/uploads\/2021\/07\/pdf-2127829_640-300x300.png 300w, http:\/\/www.reisen-mit-mayer.de\/wp-content\/uploads\/2021\/07\/pdf-2127829_640.png 640w\" sizes=\"(max-width: 150px) 100vw, 150px\" \/><\/a><\/p>\n<p>Sitzplan als PDF Datei herunterladen.<\/p>\n<\/div>\n<\/div>\n","protected":false},"excerpt":{"rendered":"<p>&nbsp; Mercedes-Benz Tourismo 16 RHD-M 3-Achser 53 Sitzpl\u00e4tze + 2 Reiseleiter WC, Bordk\u00fcche, K\u00fchlschrank CD-\/DVD-Anlage, 2 Monitore Klimaanlage Fu\u00dfst\u00fctzen Klapptische Uvm. Sitzplan Sitzplan als PDF Datei herunterladen.<\/p>\n","protected":false},"author":1,"featured_media":0,"parent":0,"menu_order":0,"comment_status":"closed","ping_status":"closed","template":"page_busbetrieb.php","meta":[],"_links":{"self":[{"href":"http:\/\/www.reisen-mit-mayer.de\/index.php?rest_route=\/wp\/v2\/pages\/695"}],"collection":[{"href":"http:\/\/www.reisen-mit-mayer.de\/index.php?rest_route=\/wp\/v2\/pages"}],"about":[{"href":"http:\/\/www.reisen-mit-mayer.de\/index.php?rest_route=\/wp\/v2\/types\/page"}],"author":[{"embeddable":true,"href":"http:\/\/www.reisen-mit-mayer.de\/index.php?rest_route=\/wp\/v2\/users\/1"}],"replies":[{"embeddable":true,"href":"http:\/\/www.reisen-mit-mayer.de\/index.php?rest_route=%2Fwp%2Fv2%2Fcomments&post=695"}],"version-history":[{"count":7,"href":"http:\/\/www.reisen-mit-mayer.de\/index.php?rest_route=\/wp\/v2\/pages\/695\/revisions"}],"predecessor-version":[{"id":927,"href":"http:\/\/www.reisen-mit-mayer.de\/index.php?rest_route=\/wp\/v2\/pages\/695\/revisions\/927"}],"wp:attachment":[{"href":"http:\/\/www.reisen-mit-mayer.de\/index.php?rest_route=%2Fwp%2Fv2%2Fmedia&parent=695"}],"curies":[{"name":"wp","href":"https:\/\/api.w.org\/{rel}","templated":true}]}}