{"id":688,"date":"2021-10-06T08:55:53","date_gmt":"2021-10-06T08:55:53","guid":{"rendered":"https:\/\/www.reisen-mit-mayer.de\/?page_id=688"},"modified":"2021-11-22T08:12:02","modified_gmt":"2021-11-22T08:12:02","slug":"mercedes-benz-tourismo-16-rhd-m","status":"publish","type":"page","link":"http:\/\/www.reisen-mit-mayer.de\/?page_id=688","title":{"rendered":"Mercedes-Benz Tourismo 16 RHD\/3"},"content":{"rendered":"<p>&nbsp;<\/p>\n<p><a href=\"http:\/\/www.reisen-mit-mayer.de\/wp-content\/uploads\/2021\/10\/IMG_1263-HDR_1.jpg\"><img loading=\"lazy\" class=\"alignnone wp-image-653 size-full\" src=\"http:\/\/www.reisen-mit-mayer.de\/wp-content\/uploads\/2021\/10\/IMG_1263-HDR_1.jpg\" alt=\"\" width=\"1800\" height=\"858\" srcset=\"http:\/\/www.reisen-mit-mayer.de\/wp-content\/uploads\/2021\/10\/IMG_1263-HDR_1.jpg 1800w, http:\/\/www.reisen-mit-mayer.de\/wp-content\/uploads\/2021\/10\/IMG_1263-HDR_1-300x143.jpg 300w, http:\/\/www.reisen-mit-mayer.de\/wp-content\/uploads\/2021\/10\/IMG_1263-HDR_1-1024x488.jpg 1024w, http:\/\/www.reisen-mit-mayer.de\/wp-content\/uploads\/2021\/10\/IMG_1263-HDR_1-768x366.jpg 768w, http:\/\/www.reisen-mit-mayer.de\/wp-content\/uploads\/2021\/10\/IMG_1263-HDR_1-1536x732.jpg 1536w\" sizes=\"(max-width: 1800px) 100vw, 1800px\" \/><\/a><\/p>\n<div style=\"width: 100%;\">\n<div style=\"max-width: 380px; float: left;\"><a href=\"http:\/\/www.reisen-mit-mayer.de\/wp-content\/uploads\/2021\/10\/IMG_1269-HDR.jpg\"><img loading=\"lazy\" class=\"alignnone wp-image-654\" src=\"http:\/\/www.reisen-mit-mayer.de\/wp-content\/uploads\/2021\/10\/IMG_1269-HDR-300x200.jpg\" alt=\"\" width=\"380\" height=\"253\" srcset=\"http:\/\/www.reisen-mit-mayer.de\/wp-content\/uploads\/2021\/10\/IMG_1269-HDR-300x200.jpg 300w, http:\/\/www.reisen-mit-mayer.de\/wp-content\/uploads\/2021\/10\/IMG_1269-HDR-1024x683.jpg 1024w, http:\/\/www.reisen-mit-mayer.de\/wp-content\/uploads\/2021\/10\/IMG_1269-HDR-768x512.jpg 768w, http:\/\/www.reisen-mit-mayer.de\/wp-content\/uploads\/2021\/10\/IMG_1269-HDR-1536x1024.jpg 1536w, http:\/\/www.reisen-mit-mayer.de\/wp-content\/uploads\/2021\/10\/IMG_1269-HDR-380x252.jpg 380w, http:\/\/www.reisen-mit-mayer.de\/wp-content\/uploads\/2021\/10\/IMG_1269-HDR.jpg 1800w\" sizes=\"(max-width: 380px) 100vw, 380px\" \/><\/a><\/p>\n<p><a href=\"http:\/\/www.reisen-mit-mayer.de\/wp-content\/uploads\/2021\/10\/IMG_6863-HDR.jpg\"><img loading=\"lazy\" class=\"alignnone wp-image-672\" src=\"http:\/\/www.reisen-mit-mayer.de\/wp-content\/uploads\/2021\/10\/IMG_6863-HDR-300x200.jpg\" alt=\"\" width=\"380\" height=\"253\" srcset=\"http:\/\/www.reisen-mit-mayer.de\/wp-content\/uploads\/2021\/10\/IMG_6863-HDR-300x200.jpg 300w, http:\/\/www.reisen-mit-mayer.de\/wp-content\/uploads\/2021\/10\/IMG_6863-HDR-1024x683.jpg 1024w, http:\/\/www.reisen-mit-mayer.de\/wp-content\/uploads\/2021\/10\/IMG_6863-HDR-768x512.jpg 768w, http:\/\/www.reisen-mit-mayer.de\/wp-content\/uploads\/2021\/10\/IMG_6863-HDR-1536x1024.jpg 1536w, http:\/\/www.reisen-mit-mayer.de\/wp-content\/uploads\/2021\/10\/IMG_6863-HDR-380x252.jpg 380w, http:\/\/www.reisen-mit-mayer.de\/wp-content\/uploads\/2021\/10\/IMG_6863-HDR.jpg 1800w\" sizes=\"(max-width: 380px) 100vw, 380px\" \/><\/a><\/p>\n<p><a href=\"http:\/\/www.reisen-mit-mayer.de\/wp-content\/uploads\/2021\/10\/IMG_6875-HDR.jpg\"><img loading=\"lazy\" class=\"alignnone wp-image-673\" src=\"http:\/\/www.reisen-mit-mayer.de\/wp-content\/uploads\/2021\/10\/IMG_6875-HDR-300x200.jpg\" alt=\"\" width=\"380\" height=\"253\" srcset=\"http:\/\/www.reisen-mit-mayer.de\/wp-content\/uploads\/2021\/10\/IMG_6875-HDR-300x200.jpg 300w, http:\/\/www.reisen-mit-mayer.de\/wp-content\/uploads\/2021\/10\/IMG_6875-HDR-1024x683.jpg 1024w, http:\/\/www.reisen-mit-mayer.de\/wp-content\/uploads\/2021\/10\/IMG_6875-HDR-768x512.jpg 768w, http:\/\/www.reisen-mit-mayer.de\/wp-content\/uploads\/2021\/10\/IMG_6875-HDR-1536x1024.jpg 1536w, http:\/\/www.reisen-mit-mayer.de\/wp-content\/uploads\/2021\/10\/IMG_6875-HDR-380x252.jpg 380w, http:\/\/www.reisen-mit-mayer.de\/wp-content\/uploads\/2021\/10\/IMG_6875-HDR.jpg 1800w\" sizes=\"(max-width: 380px) 100vw, 380px\" \/><\/a><\/p>\n<\/div>\n<div class=\"busdescription\">\n<div style=\"height: 50px;\"><\/div>\n<h2>Mercedes-Benz Tourismo 16 RHD\/3<\/h2>\n<ul>\n<li>49 Sitzpl\u00e4tze + 2 Reiseleiter<\/li>\n<li>WC, Bordk\u00fcche, K\u00fchlschrank<\/li>\n<li>CD-\/DVD-Anlage, 2 Monitore<\/li>\n<li>Klimaanlage<\/li>\n<li>Fu\u00dfst\u00fctzen<\/li>\n<li>Klapptische<\/li>\n<li>Uvm.<\/li>\n<\/ul>\n<h2>Sitzplan<\/h2>\n<p><a href=\"http:\/\/www.reisen-mit-mayer.de\/wp-content\/uploads\/2021\/11\/em-799.pdf\" target=\"_blank\" rel=\"noopener noreferrer\"><img loading=\"lazy\" class=\"alignnone size-thumbnail wp-image-415\" src=\"http:\/\/www.reisen-mit-mayer.de\/wp-content\/uploads\/2021\/07\/pdf-2127829_640-150x150.png\" alt=\"\" width=\"150\" height=\"150\" srcset=\"http:\/\/www.reisen-mit-mayer.de\/wp-content\/uploads\/2021\/07\/pdf-2127829_640-150x150.png 150w, http:\/\/www.reisen-mit-mayer.de\/wp-content\/uploads\/2021\/07\/pdf-2127829_640-300x300.png 300w, http:\/\/www.reisen-mit-mayer.de\/wp-content\/uploads\/2021\/07\/pdf-2127829_640.png 640w\" sizes=\"(max-width: 150px) 100vw, 150px\" \/><\/a><\/p>\n<p>Sitzplan als PDF Datei herunterladen.<\/p>\n<\/div>\n<\/div>\n","protected":false},"excerpt":{"rendered":"<p>&nbsp; Mercedes-Benz Tourismo 16 RHD\/3 49 Sitzpl\u00e4tze + 2 Reiseleiter WC, Bordk\u00fcche, K\u00fchlschrank CD-\/DVD-Anlage, 2 Monitore Klimaanlage Fu\u00dfst\u00fctzen Klapptische Uvm. Sitzplan Sitzplan als PDF Datei herunterladen.<\/p>\n","protected":false},"author":1,"featured_media":0,"parent":0,"menu_order":0,"comment_status":"closed","ping_status":"closed","template":"page_busbetrieb.php","meta":[],"_links":{"self":[{"href":"http:\/\/www.reisen-mit-mayer.de\/index.php?rest_route=\/wp\/v2\/pages\/688"}],"collection":[{"href":"http:\/\/www.reisen-mit-mayer.de\/index.php?rest_route=\/wp\/v2\/pages"}],"about":[{"href":"http:\/\/www.reisen-mit-mayer.de\/index.php?rest_route=\/wp\/v2\/types\/page"}],"author":[{"embeddable":true,"href":"http:\/\/www.reisen-mit-mayer.de\/index.php?rest_route=\/wp\/v2\/users\/1"}],"replies":[{"embeddable":true,"href":"http:\/\/www.reisen-mit-mayer.de\/index.php?rest_route=%2Fwp%2Fv2%2Fcomments&post=688"}],"version-history":[{"count":8,"href":"http:\/\/www.reisen-mit-mayer.de\/index.php?rest_route=\/wp\/v2\/pages\/688\/revisions"}],"predecessor-version":[{"id":924,"href":"http:\/\/www.reisen-mit-mayer.de\/index.php?rest_route=\/wp\/v2\/pages\/688\/revisions\/924"}],"wp:attachment":[{"href":"http:\/\/www.reisen-mit-mayer.de\/index.php?rest_route=%2Fwp%2Fv2%2Fmedia&parent=688"}],"curies":[{"name":"wp","href":"https:\/\/api.w.org\/{rel}","templated":true}]}}